{"id":28825,"date":"2026-02-28T15:17:17","date_gmt":"2026-02-28T15:17:17","guid":{"rendered":"https:\/\/rowayad.com\/?post_type=product&#038;p=28825"},"modified":"2026-04-10T11:28:39","modified_gmt":"2026-04-10T11:28:39","slug":"armoire-penderie-en-cube-demontable-4-battants-rangement-de-chaussures-noir","status":"publish","type":"product","link":"https:\/\/rowayad.com\/index.php\/produit\/armoire-penderie-en-cube-demontable-4-battants-rangement-de-chaussures-noir\/","title":{"rendered":"Armoire Penderie en Cube d\u00e9montable 4 battants+ Rangement de chaussures &#8211; Noir"},"content":{"rendered":"","protected":false},"excerpt":{"rendered":"<h2 class=\"hdr -upp -fs14 -m -pam\">Principales caract\u00e9ristiques<\/h2>\n<div class=\"markup -pam\">\n<ul>\n<li>Design moderne: Pure de portes blanches et murs ferm\u00e9s en noir<\/li>\n<li>Eco- mat\u00e9riel : Panneau en r\u00e9sine environnementale<\/li>\n<li>Multi-fonctions : Cubes montables et d\u00e9montables \u00e0 volont\u00e9<\/li>\n<li>Facile d&rsquo;entretien<\/li>\n<li>Stockage<\/li>\n<li>Mesure en 35 cm (L) x 45 cm (D) x 35 cm (H)<\/li>\n<\/ul>\n<\/div>\n","protected":false},"featured_media":28826,"comment_status":"open","ping_status":"closed","template":"","meta":{"_joinchat":[]},"product_brand":[],"product_cat":[75],"product_tag":[],"class_list":{"0":"post-28825","1":"product","2":"type-product","3":"status-publish","4":"has-post-thumbnail","6":"product_cat-maison-bureau","8":"first","9":"instock","10":"sale","11":"shipping-taxable","12":"purchasable","13":"product-type-simple"},"jetpack_sharing_enabled":true,"_links":{"self":[{"href":"https:\/\/rowayad.com\/index.php\/wp-json\/wp\/v2\/product\/28825","targetHints":{"allow":["GET"]}}],"collection":[{"href":"https:\/\/rowayad.com\/index.php\/wp-json\/wp\/v2\/product"}],"about":[{"href":"https:\/\/rowayad.com\/index.php\/wp-json\/wp\/v2\/types\/product"}],"replies":[{"embeddable":true,"href":"https:\/\/rowayad.com\/index.php\/wp-json\/wp\/v2\/comments?post=28825"}],"version-history":[{"count":2,"href":"https:\/\/rowayad.com\/index.php\/wp-json\/wp\/v2\/product\/28825\/revisions"}],"predecessor-version":[{"id":28829,"href":"https:\/\/rowayad.com\/index.php\/wp-json\/wp\/v2\/product\/28825\/revisions\/28829"}],"wp:featuredmedia":[{"embeddable":true,"href":"https:\/\/rowayad.com\/index.php\/wp-json\/wp\/v2\/media\/28826"}],"wp:attachment":[{"href":"https:\/\/rowayad.com\/index.php\/wp-json\/wp\/v2\/media?parent=28825"}],"wp:term":[{"taxonomy":"product_brand","embeddable":true,"href":"https:\/\/rowayad.com\/index.php\/wp-json\/wp\/v2\/product_brand?post=28825"},{"taxonomy":"product_cat","embeddable":true,"href":"https:\/\/rowayad.com\/index.php\/wp-json\/wp\/v2\/product_cat?post=28825"},{"taxonomy":"product_tag","embeddable":true,"href":"https:\/\/rowayad.com\/index.php\/wp-json\/wp\/v2\/product_tag?post=28825"}],"curies":[{"name":"wp","href":"https:\/\/api.w.org\/{rel}","templated":true}]}}