{"id":28828,"date":"2026-02-28T15:22:48","date_gmt":"2026-02-28T15:22:48","guid":{"rendered":"https:\/\/rowayad.com\/?post_type=product&#038;p=28828"},"modified":"2026-04-10T11:27:48","modified_gmt":"2026-04-10T11:27:48","slug":"mini-pedalier-d-appartement-velo-dappartement-pliable-pour-fitness-gym","status":"publish","type":"product","link":"https:\/\/rowayad.com\/index.php\/produit\/mini-pedalier-d-appartement-velo-dappartement-pliable-pour-fitness-gym\/","title":{"rendered":"Mini P\u00e9dalier d appartement V\u00e9lo d&rsquo;Appartement Pliable Pour Fitness GYM"},"content":{"rendered":"<header class=\"-pvs -bb\">\n<h2 class=\"-fs20 -m -phm -pvxs\">D\u00e9tails<\/h2>\n<\/header>\n<div class=\"markup -mhm -pvl -oxa -sc\">\n<p>Tu n&rsquo;as plus d&rsquo;excuses de temps pour Il faire du sport.<\/p>\n<p>Ce p\u00e9dalier peut \u00eatre b\u00e9n\u00e9fique pour tout le monde.<\/p>\n<p>G\u00e9n\u00e9ralement, il peut \u00eatre utilis\u00e9 pour la th\u00e9rapie physique et la r\u00e9\u00e9ducation apr\u00e8s une blessure ou une op\u00e9ration, pour renforcer les muscles faibles et pour am\u00e9liorer la forme cardiovasculaire et la circulation sanguine dans tout le corps.<\/p>\n<p>C\u2019est \u00e9galement une excellente option si vous d\u00e9cidez de reprendre l\u2019entra\u00eenement apr\u00e8s une longue pause.<\/p>\n<p>Appareil d&rsquo;entra\u00eenement pour les hanches, genoux, bras et jambes: la jambe est particuli\u00e8rement articulations pour hanches et les genoux. Il s&rsquo;agit d&rsquo;un entra\u00eenement et des Mouvement efficace, l\u00e9ger et simple en position assise.<br \/>\nR\u00e9glable individuellement \u00e0 p\u00e9dale r\u00e9sistance : r\u00e9sistance \u00e0 la poubelle peut \u00eatre r\u00e9gl\u00e9e individuellement avec l&rsquo;aide d&rsquo;une vis de r\u00e9glage.<br \/>\nHaute qualit\u00e9 : La construction m\u00e9tallique robuste et la p\u00e9dale, les endormir paisiblement stable pour un entra\u00eenement s\u00fbr, efficace, et en bonne sant\u00e9.<\/p>\n<p>Id\u00e9al pour les personnes \u00e2g\u00e9es : d&rsquo;ailleurs, des bras et jambes est id\u00e9al pour les personnes \u00e2g\u00e9es, tandis que vous \u00eates assis dans un fauteuil ou sur une chaise ou tabouret, car il peut facilement s&rsquo;en vente.<\/p>\n<\/div>\n","protected":false},"excerpt":{"rendered":"<h2 class=\"hdr -upp -fs14 -m -pam\">Principales caract\u00e9ristiques<\/h2>\n<div class=\"markup -pam\">\n<ul>\n<li>Peu encombrant\u202f: 48\u00a0x 40,5\u00a0x 19\u00a0cm<\/li>\n<li>Tirez le v\u00e9lo d&rsquo;appartement apr\u00e8s chaque utilisation et ranger les.<\/li>\n<li>\u00a0P\u00e9dale de l&rsquo;exercice peu encombrant<\/li>\n<li>Dispose d&rsquo;un minuteur<\/li>\n<\/ul>\n<\/div>\n","protected":false},"featured_media":28830,"comment_status":"open","ping_status":"closed","template":"","meta":{"_joinchat":[]},"product_brand":[],"product_cat":[75,73],"product_tag":[],"class_list":{"0":"post-28828","1":"product","2":"type-product","3":"status-publish","4":"has-post-thumbnail","6":"product_cat-maison-bureau","7":"product_cat-sport","9":"first","10":"instock","11":"sale","12":"shipping-taxable","13":"purchasable","14":"product-type-simple"},"jetpack_sharing_enabled":true,"_links":{"self":[{"href":"https:\/\/rowayad.com\/index.php\/wp-json\/wp\/v2\/product\/28828","targetHints":{"allow":["GET"]}}],"collection":[{"href":"https:\/\/rowayad.com\/index.php\/wp-json\/wp\/v2\/product"}],"about":[{"href":"https:\/\/rowayad.com\/index.php\/wp-json\/wp\/v2\/types\/product"}],"replies":[{"embeddable":true,"href":"https:\/\/rowayad.com\/index.php\/wp-json\/wp\/v2\/comments?post=28828"}],"version-history":[{"count":1,"href":"https:\/\/rowayad.com\/index.php\/wp-json\/wp\/v2\/product\/28828\/revisions"}],"predecessor-version":[{"id":28834,"href":"https:\/\/rowayad.com\/index.php\/wp-json\/wp\/v2\/product\/28828\/revisions\/28834"}],"wp:featuredmedia":[{"embeddable":true,"href":"https:\/\/rowayad.com\/index.php\/wp-json\/wp\/v2\/media\/28830"}],"wp:attachment":[{"href":"https:\/\/rowayad.com\/index.php\/wp-json\/wp\/v2\/media?parent=28828"}],"wp:term":[{"taxonomy":"product_brand","embeddable":true,"href":"https:\/\/rowayad.com\/index.php\/wp-json\/wp\/v2\/product_brand?post=28828"},{"taxonomy":"product_cat","embeddable":true,"href":"https:\/\/rowayad.com\/index.php\/wp-json\/wp\/v2\/product_cat?post=28828"},{"taxonomy":"product_tag","embeddable":true,"href":"https:\/\/rowayad.com\/index.php\/wp-json\/wp\/v2\/product_tag?post=28828"}],"curies":[{"name":"wp","href":"https:\/\/api.w.org\/{rel}","templated":true}]}}