{"id":28835,"date":"2026-02-28T15:29:32","date_gmt":"2026-02-28T15:29:32","guid":{"rendered":"https:\/\/rowayad.com\/?post_type=product&#038;p=28835"},"modified":"2026-04-10T11:26:49","modified_gmt":"2026-04-10T11:26:49","slug":"velo-12-pouces-pour-enfant-de-3-a-5-ans","status":"publish","type":"product","link":"https:\/\/rowayad.com\/index.php\/produit\/velo-12-pouces-pour-enfant-de-3-a-5-ans\/","title":{"rendered":"V\u00e9lo 12 pouces pour enfant de 3 \u00e0 5 ans"},"content":{"rendered":"<header class=\"-pvs -bb\">\n<h2 class=\"-fs20 -m -phm -pvxs\">D\u00e9tails<\/h2>\n<\/header>\n<div class=\"markup -mhm -pvl -oxa -sc\">\n<p>Ce\u00a0<strong>v\u00e9lo pour enfants,\u00a0<\/strong>\u00e9l\u00e9gant et robuste, avec des roues de 16 pouces est un\u00a0<strong>cadeau<\/strong>\u00a0parfait pour votre enfant. Le v\u00e9lo est con\u00e7u pour offrir des ann\u00e9es de plaisir et \u00e9quipe d\u2019une selle et d\u2019un guidon r\u00e9glables en hauteur. Fabriqu\u00e9 en alliage de magn\u00e9sium \u00e0 haute r\u00e9sistance, ce\u00a0<strong>v\u00e9lo<\/strong> est extr\u00eamement robuste et s\u00fbr ; la surface est trait\u00e9e avec un rev\u00eatement \u00e9lectrostatique qui est antirouille et r\u00e9sistant \u00e0 la corrosion. Le pneu est compos\u00e9 d&rsquo;un anneau en alliage d&rsquo;aluminium \u00e0 haute teneur en carbone et n&rsquo;est pas facile \u00e0 d\u00e9former. La roue auxiliaire est une roue lumineuse et a une forme triangulaire. Offrez \u00e0 votre\u00a0<strong>enfant<\/strong> une exp\u00e9rience de conduite meilleure et plus s\u00fbre. Le syst\u00e8me de freinage du v\u00e9lo est sensible. L&rsquo;enfant peut freiner \u00e0 tout moment et freiner rapidement pour lui donner plus de s\u00e9curit\u00e9. Le cadre du v\u00e9lo est int\u00e9gralement form\u00e9, sans soudure, beau et durable. La surface m\u00e9tallique est lisse et r\u00e9sistante \u00e0 la corrosion. Il a une bonne esth\u00e9tique, s\u00e9curit\u00e9 et praticit\u00e9. Le pneu \u00e0 trois couches \u00e0 caract\u00e9ristiques d&rsquo;un amortissement r\u00e9sistant \u00e0 l&rsquo;usure et la chambre \u00e0 air a une couche tampon.<\/p>\n<\/div>\n","protected":false},"excerpt":{"rendered":"<h2 class=\"hdr -upp -fs14 -m -pam\">Principales caract\u00e9ristiques<\/h2>\n<div class=\"markup -pam\">\n<ul>\n<li>Fabriqu\u00e9 en acier de haute qualit\u00e9<\/li>\n<li>Avec lampe torche avant avant<\/li>\n<li>Frein avant et arri\u00e8re<\/li>\n<li>Guidon et chaise r\u00e9glable en hauteur<\/li>\n<li>Avec roues d&rsquo;entra\u00eenement lat\u00e9rales<\/li>\n<li>Pour enfant de 105 \u00e0 130 cm<\/li>\n<\/ul>\n<\/div>\n","protected":false},"featured_media":28836,"comment_status":"open","ping_status":"closed","template":"","meta":{"_joinchat":[]},"product_brand":[],"product_cat":[76,73],"product_tag":[],"class_list":{"0":"post-28835","1":"product","2":"type-product","3":"status-publish","4":"has-post-thumbnail","6":"product_cat-enfant","7":"product_cat-sport","9":"first","10":"instock","11":"sale","12":"shipping-taxable","13":"purchasable","14":"product-type-simple"},"jetpack_sharing_enabled":true,"_links":{"self":[{"href":"https:\/\/rowayad.com\/index.php\/wp-json\/wp\/v2\/product\/28835","targetHints":{"allow":["GET"]}}],"collection":[{"href":"https:\/\/rowayad.com\/index.php\/wp-json\/wp\/v2\/product"}],"about":[{"href":"https:\/\/rowayad.com\/index.php\/wp-json\/wp\/v2\/types\/product"}],"replies":[{"embeddable":true,"href":"https:\/\/rowayad.com\/index.php\/wp-json\/wp\/v2\/comments?post=28835"}],"version-history":[{"count":1,"href":"https:\/\/rowayad.com\/index.php\/wp-json\/wp\/v2\/product\/28835\/revisions"}],"predecessor-version":[{"id":28837,"href":"https:\/\/rowayad.com\/index.php\/wp-json\/wp\/v2\/product\/28835\/revisions\/28837"}],"wp:featuredmedia":[{"embeddable":true,"href":"https:\/\/rowayad.com\/index.php\/wp-json\/wp\/v2\/media\/28836"}],"wp:attachment":[{"href":"https:\/\/rowayad.com\/index.php\/wp-json\/wp\/v2\/media?parent=28835"}],"wp:term":[{"taxonomy":"product_brand","embeddable":true,"href":"https:\/\/rowayad.com\/index.php\/wp-json\/wp\/v2\/product_brand?post=28835"},{"taxonomy":"product_cat","embeddable":true,"href":"https:\/\/rowayad.com\/index.php\/wp-json\/wp\/v2\/product_cat?post=28835"},{"taxonomy":"product_tag","embeddable":true,"href":"https:\/\/rowayad.com\/index.php\/wp-json\/wp\/v2\/product_tag?post=28835"}],"curies":[{"name":"wp","href":"https:\/\/api.w.org\/{rel}","templated":true}]}}