{"id":28842,"date":"2026-02-28T16:07:49","date_gmt":"2026-02-28T16:07:49","guid":{"rendered":"https:\/\/rowayad.com\/?post_type=product&#038;p=28842"},"modified":"2026-04-10T11:25:06","modified_gmt":"2026-04-10T11:25:06","slug":"meuble-de-rangement-de-chaussures-9-etageres-gris","status":"publish","type":"product","link":"https:\/\/rowayad.com\/index.php\/produit\/meuble-de-rangement-de-chaussures-9-etageres-gris\/","title":{"rendered":"Meuble de Rangement de Chaussures &#8211; 9 \u00c9tag\u00e8res &#8211; Gris"},"content":{"rendered":"<header class=\"-pvs -bb\">\n<h2 class=\"-fs20 -m -phm -pvxs\">D\u00e9tails<\/h2>\n<\/header>\n<div class=\"markup -mhm -pvl -oxa -sc\">Des chaussures qui tra\u00eenent par-ci et par l\u00e0, pas facile de faire du rangement quand on a peu d&rsquo;espace ou pas le temps pour se faire confectionner une armoire ? Soufflez et souriez Shoe Cabinet \u00e0 penser \u00e0 vous en confectionnant ces \u00e9tag\u00e8res \u00e0 chaussures mobiles aux coloris gais qui vous permettrons de ranger ais\u00e9ment votre espace en apportant une touche de beau. Vous pourrez les d\u00e9placer \u00e0 votre guise.<\/div>\n","protected":false},"excerpt":{"rendered":"<h2 class=\"hdr -upp -fs14 -m -pam\">Principales caract\u00e9ristiques<\/h2>\n<div class=\"markup -pam\">\n<ul>\n<li>Type: Meubles de salon<\/li>\n<li>Utilisation sp\u00e9cifique : Range-chaussures montable<\/li>\n<li>Utilisation G\u00e9n\u00e9rale : Mobilier maison<\/li>\n<li>Taille: 110 cm x 30 cm x 108+-2cm<\/li>\n<li>Personnalis\u00e9 : Oui<\/li>\n<li>Apparence : Moderne<\/li>\n<li>Type de m\u00e9tal : Acier inoxydable<\/li>\n<li>Mat\u00e9riel: M\u00e9tal<\/li>\n<li>Personnes appropri\u00e9es : Tout le monde<\/li>\n<li>Capacit\u00e9: grande<\/li>\n<li>Nombre de portes : 2<\/li>\n<li>Mani\u00e8re d&rsquo;ouvrir et de fermer : Porte de volet roulant<\/li>\n<li>Sp\u00e9cifications: 6 couches\/c\u00f4t\u00e9<\/li>\n<li>Mat\u00e9riel de coton : Avanc\u00e9 imperm\u00e9able<\/li>\n<\/ul>\n<\/div>\n","protected":false},"featured_media":28843,"comment_status":"open","ping_status":"closed","template":"","meta":{"_joinchat":[]},"product_brand":[],"product_cat":[20,75],"product_tag":[],"class_list":{"0":"post-28842","1":"product","2":"type-product","3":"status-publish","4":"has-post-thumbnail","6":"product_cat-accessoires","7":"product_cat-maison-bureau","9":"first","10":"instock","11":"sale","12":"shipping-taxable","13":"purchasable","14":"product-type-simple"},"jetpack_sharing_enabled":true,"_links":{"self":[{"href":"https:\/\/rowayad.com\/index.php\/wp-json\/wp\/v2\/product\/28842","targetHints":{"allow":["GET"]}}],"collection":[{"href":"https:\/\/rowayad.com\/index.php\/wp-json\/wp\/v2\/product"}],"about":[{"href":"https:\/\/rowayad.com\/index.php\/wp-json\/wp\/v2\/types\/product"}],"replies":[{"embeddable":true,"href":"https:\/\/rowayad.com\/index.php\/wp-json\/wp\/v2\/comments?post=28842"}],"version-history":[{"count":1,"href":"https:\/\/rowayad.com\/index.php\/wp-json\/wp\/v2\/product\/28842\/revisions"}],"predecessor-version":[{"id":28844,"href":"https:\/\/rowayad.com\/index.php\/wp-json\/wp\/v2\/product\/28842\/revisions\/28844"}],"wp:featuredmedia":[{"embeddable":true,"href":"https:\/\/rowayad.com\/index.php\/wp-json\/wp\/v2\/media\/28843"}],"wp:attachment":[{"href":"https:\/\/rowayad.com\/index.php\/wp-json\/wp\/v2\/media?parent=28842"}],"wp:term":[{"taxonomy":"product_brand","embeddable":true,"href":"https:\/\/rowayad.com\/index.php\/wp-json\/wp\/v2\/product_brand?post=28842"},{"taxonomy":"product_cat","embeddable":true,"href":"https:\/\/rowayad.com\/index.php\/wp-json\/wp\/v2\/product_cat?post=28842"},{"taxonomy":"product_tag","embeddable":true,"href":"https:\/\/rowayad.com\/index.php\/wp-json\/wp\/v2\/product_tag?post=28842"}],"curies":[{"name":"wp","href":"https:\/\/api.w.org\/{rel}","templated":true}]}}