{"id":28845,"date":"2026-02-28T16:44:31","date_gmt":"2026-02-28T16:44:31","guid":{"rendered":"https:\/\/rowayad.com\/?post_type=product&#038;p=28845"},"modified":"2026-04-10T11:24:12","modified_gmt":"2026-04-10T11:24:12","slug":"poele-a-pizza-1500-w-30-cm","status":"publish","type":"product","link":"https:\/\/rowayad.com\/index.php\/produit\/poele-a-pizza-1500-w-30-cm\/","title":{"rendered":"Po\u00eale \u00e0 pizza 1500 W 30 Cm"},"content":{"rendered":"<header class=\"-pvs -bb\">\n<h2 class=\"-fs20 -m -phm -pvxs\">D\u00e9tails<\/h2>\n<\/header>\n<div class=\"markup -mhm -pvl -oxa -sc\">\n<p>La po\u00eale \u00e0 Pizza \u00e9lectrique de Lamacom est tr\u00e8s pratique pour cuire des pizzas maison rapidement et en toute s\u00e9curit\u00e9 !<\/p>\n<ul>\n<li><strong>Couvercle en verre transparent :<\/strong>\u00a0r\u00e9sistant \u00e0 la chaleur avec ouverture de sortie de vapeur, vous avez toujours un \u0153il sur la cuisson ;<\/li>\n<li><strong>Chauffage rapide :\u00a0<\/strong>\u00a0gr\u00e2ce \u00e0 une puissance de 1500W ;<\/li>\n<li><strong>Temp\u00e9rature r\u00e9glable facilement ;<\/strong><\/li>\n<li><strong>Poign\u00e9es ultra-r\u00e9sistantes et anti-chaleur ;\u00a0<\/strong><\/li>\n<\/ul>\n<table>\n<tbody>\n<tr>\n<th>Type de rev\u00eatement<\/th>\n<td>Rev\u00eatement anti-adh\u00e9rent sans PFOA<\/td>\n<\/tr>\n<tr>\n<th>Puissance<\/th>\n<td>1500 Watts<\/td>\n<\/tr>\n<tr>\n<th>Diam\u00e8tres<\/th>\n<td>30 cm<\/td>\n<\/tr>\n<tr>\n<th>R\u00e9glage du thermostat<\/th>\n<td>Oui<\/td>\n<\/tr>\n<tr>\n<th>Couvercle<\/th>\n<td>En verre<\/td>\n<\/tr>\n<\/tbody>\n<\/table>\n<\/div>\n","protected":false},"excerpt":{"rendered":"<h2 class=\"hdr -upp -fs14 -m -pam\">Principales caract\u00e9ristiques<\/h2>\n<div class=\"markup -pam\">\n<p>La po\u00eale \u00e0 Pizza \u00e9lectrique de Lamacom est tr\u00e8s pratique pour cuire des pizzas maison rapidement et en toute s\u00e9curit\u00e9 !<\/p>\n<ul>\n<li><strong>Couvercle en verre transparent:<\/strong>\u00a0r\u00e9sistant \u00e0 la chaleur avec ouverture de sortie de vapeur, vous avez toujours un \u0153il sur la cuisson ;<\/li>\n<li><strong>Chauffage rapide :\u00a0<\/strong> gr\u00e2ce \u00e0 une puissance de 1500W;<\/li>\n<li><strong>Temp\u00e9rature r\u00e9glable facilement ;<\/strong><\/li>\n<li><strong>Poign\u00e9es ultra-r\u00e9sistantes et anti-chaleur ;\u00a0<\/strong><\/li>\n<li><strong>Couvercle en verre<\/strong><\/li>\n<\/ul>\n<\/div>\n","protected":false},"featured_media":28847,"comment_status":"open","ping_status":"closed","template":"","meta":{"_joinchat":[]},"product_brand":[],"product_cat":[74,75],"product_tag":[],"class_list":{"0":"post-28845","1":"product","2":"type-product","3":"status-publish","4":"has-post-thumbnail","6":"product_cat-electromenager","7":"product_cat-maison-bureau","9":"first","10":"instock","11":"sale","12":"shipping-taxable","13":"purchasable","14":"product-type-simple"},"jetpack_sharing_enabled":true,"_links":{"self":[{"href":"https:\/\/rowayad.com\/index.php\/wp-json\/wp\/v2\/product\/28845","targetHints":{"allow":["GET"]}}],"collection":[{"href":"https:\/\/rowayad.com\/index.php\/wp-json\/wp\/v2\/product"}],"about":[{"href":"https:\/\/rowayad.com\/index.php\/wp-json\/wp\/v2\/types\/product"}],"replies":[{"embeddable":true,"href":"https:\/\/rowayad.com\/index.php\/wp-json\/wp\/v2\/comments?post=28845"}],"version-history":[{"count":1,"href":"https:\/\/rowayad.com\/index.php\/wp-json\/wp\/v2\/product\/28845\/revisions"}],"predecessor-version":[{"id":28849,"href":"https:\/\/rowayad.com\/index.php\/wp-json\/wp\/v2\/product\/28845\/revisions\/28849"}],"wp:featuredmedia":[{"embeddable":true,"href":"https:\/\/rowayad.com\/index.php\/wp-json\/wp\/v2\/media\/28847"}],"wp:attachment":[{"href":"https:\/\/rowayad.com\/index.php\/wp-json\/wp\/v2\/media?parent=28845"}],"wp:term":[{"taxonomy":"product_brand","embeddable":true,"href":"https:\/\/rowayad.com\/index.php\/wp-json\/wp\/v2\/product_brand?post=28845"},{"taxonomy":"product_cat","embeddable":true,"href":"https:\/\/rowayad.com\/index.php\/wp-json\/wp\/v2\/product_cat?post=28845"},{"taxonomy":"product_tag","embeddable":true,"href":"https:\/\/rowayad.com\/index.php\/wp-json\/wp\/v2\/product_tag?post=28845"}],"curies":[{"name":"wp","href":"https:\/\/api.w.org\/{rel}","templated":true}]}}