{"id":28850,"date":"2026-02-28T17:05:49","date_gmt":"2026-02-28T17:05:49","guid":{"rendered":"https:\/\/rowayad.com\/?post_type=product&#038;p=28850"},"modified":"2026-04-10T11:23:07","modified_gmt":"2026-04-10T11:23:07","slug":"chouette-et-utile-etagere-micro-ondes-super-pratique","status":"publish","type":"product","link":"https:\/\/rowayad.com\/index.php\/produit\/chouette-et-utile-etagere-micro-ondes-super-pratique\/","title":{"rendered":"Chouette Et Utile Etag\u00e8re Micro-ondes &#8211; Super pratique"},"content":{"rendered":"<header class=\"-pvs -bb\">\n<h2 class=\"-fs20 -m -phm -pvxs\">D\u00e9tails<\/h2>\n<\/header>\n<div class=\"markup -mhm -pvl -oxa -sc\">\n<p>L&rsquo;indispensable pour une cuisine organis\u00e9e ! Pratique, ce\u00a0<b>support<\/b> pour micro-ondes comprend un tiroir et une \u00e9tag\u00e8re robuste pour augmenter le rangement et gagner de l&rsquo;espace en cuisine.<\/p>\n<ul class=\"a-unordered-list a-vertical a-spacing-mini\">\n<li>Trois niveaux con\u00e7oivent, prot\u00e8gent le micro-ondes et au niveau des deux panneaux sup\u00e9rieurs peuvent contenir des assiettes, des tasses, des bouilloires, etc.<\/li>\n<li>\u00c9conomisez du temps et de l&rsquo;espace &#8211; vous pouvez placer vos points communs au sommet de la plate-forme plus facilement, il sera beaucoup plus facile d&rsquo;acc\u00e9der \u00e0 vos bocaux, bouteilles, cuill\u00e8res, etc. Pas besoin de s&rsquo;inqui\u00e9ter de perdre quelque chose ici ou l\u00e0, car ils sont au m\u00eame endroit.<\/li>\n<li><b>Construction<\/b>\u00a0robuste: toutes les pi\u00e8ces rendent l&rsquo;appareil moins\u00a0<b>susceptible<\/b>\u00a0d&rsquo;osciller ou d&rsquo;\u00eatre endommag\u00e9. Le comptoir en bois en panneau E1 est tr\u00e8s ferme, ce qui peut \u00e9quilibrer les ustensiles de cuisine et emp\u00eacher le liquide de couler.<\/li>\n<li>ADAPTEZ LE FOUR QUE VOUS PLACEZ AU DESSOUS. Les 4 bases du support sont individuellement robustes, vous permettant d&rsquo;\u00e9quilibrer parfaitement la grille du micro-ondes. Dimension: 21,3 * 14,6 * 27,2 pouces.<\/li>\n<li>TRAVAIL EXQUIS ET ASSEMBLAGE FACILE &#8211; Gr\u00e2ce \u00e0 sa finition soign\u00e9e, le rack est suffisamment solide et s\u00fbr. [Vous devez assembler le rack vous-m\u00eame (facile \u00e0 assembler)<\/li>\n<\/ul>\n<\/div>\n","protected":false},"excerpt":{"rendered":"<h2 class=\"hdr -upp -fs14 -m -pam\">Principales caract\u00e9ristiques<\/h2>\n<div class=\"markup -pam\">\n<ul>\n<li>Type Produit : Rangement &amp; Entretien<\/li>\n<li>Marque : Chouette Et Utile<\/li>\n<li>Nom: Support Micro-ondes<\/li>\n<li>Produit de qualit\u00e9 sup\u00e9rieure<\/li>\n<li>Livraison \u00e0 domicile ou en point relais<\/li>\n<\/ul>\n<\/div>\n","protected":false},"featured_media":28852,"comment_status":"open","ping_status":"closed","template":"","meta":{"_joinchat":[]},"product_brand":[],"product_cat":[20,75],"product_tag":[],"class_list":{"0":"post-28850","1":"product","2":"type-product","3":"status-publish","4":"has-post-thumbnail","6":"product_cat-accessoires","7":"product_cat-maison-bureau","9":"first","10":"instock","11":"sale","12":"shipping-taxable","13":"purchasable","14":"product-type-simple"},"jetpack_sharing_enabled":true,"_links":{"self":[{"href":"https:\/\/rowayad.com\/index.php\/wp-json\/wp\/v2\/product\/28850","targetHints":{"allow":["GET"]}}],"collection":[{"href":"https:\/\/rowayad.com\/index.php\/wp-json\/wp\/v2\/product"}],"about":[{"href":"https:\/\/rowayad.com\/index.php\/wp-json\/wp\/v2\/types\/product"}],"replies":[{"embeddable":true,"href":"https:\/\/rowayad.com\/index.php\/wp-json\/wp\/v2\/comments?post=28850"}],"version-history":[{"count":1,"href":"https:\/\/rowayad.com\/index.php\/wp-json\/wp\/v2\/product\/28850\/revisions"}],"predecessor-version":[{"id":28853,"href":"https:\/\/rowayad.com\/index.php\/wp-json\/wp\/v2\/product\/28850\/revisions\/28853"}],"wp:featuredmedia":[{"embeddable":true,"href":"https:\/\/rowayad.com\/index.php\/wp-json\/wp\/v2\/media\/28852"}],"wp:attachment":[{"href":"https:\/\/rowayad.com\/index.php\/wp-json\/wp\/v2\/media?parent=28850"}],"wp:term":[{"taxonomy":"product_brand","embeddable":true,"href":"https:\/\/rowayad.com\/index.php\/wp-json\/wp\/v2\/product_brand?post=28850"},{"taxonomy":"product_cat","embeddable":true,"href":"https:\/\/rowayad.com\/index.php\/wp-json\/wp\/v2\/product_cat?post=28850"},{"taxonomy":"product_tag","embeddable":true,"href":"https:\/\/rowayad.com\/index.php\/wp-json\/wp\/v2\/product_tag?post=28850"}],"curies":[{"name":"wp","href":"https:\/\/api.w.org\/{rel}","templated":true}]}}