{"id":28854,"date":"2026-02-28T17:12:58","date_gmt":"2026-02-28T17:12:58","guid":{"rendered":"https:\/\/rowayad.com\/?post_type=product&#038;p=28854"},"modified":"2026-04-10T11:22:02","modified_gmt":"2026-04-10T11:22:02","slug":"fauteuil-gonflable-gelato-intex","status":"publish","type":"product","link":"https:\/\/rowayad.com\/index.php\/produit\/fauteuil-gonflable-gelato-intex\/","title":{"rendered":"Fauteuil gonflable Gelato Intex"},"content":{"rendered":"<header class=\"-pvs -bb\">\n<h2 class=\"-fs20 -m -phm -pvxs\">D\u00e9tails<\/h2>\n<\/header>\n<div class=\"markup -mhm -pvl -oxa -sc\">\n<h3>Un fauteuil gonflable pour de multiples activit\u00e9s*<\/h3>\n<h3>Ce fauteuil gonflable GELATO vous s\u00e9duira par son design \u00e9l\u00e9gant \u00e0 la forme arrondie et \u00e0 la finition mat. Offrant une assise id\u00e9ale pour prendre un verre autour d&rsquo;une table ou pour simplement se d\u00e9tendre, ce fauteuil gonflable est id\u00e9al pour la maison ou en camping. D\u00e9gonfl\u00e9, ce fauteuil gonflable ne prend que tr\u00e8s peu de place.<\/h3>\n<\/div>\n","protected":false},"excerpt":{"rendered":"<h2 class=\"hdr -upp -fs14 -m -pam\">Principales caract\u00e9ristiques<\/h2>\n<div class=\"markup -pam\">\n<ul class=\"a-unordered-list a-vertical a-spacing-mini\">\n<li>Canap\u00e9 paresseux id\u00e9al, adapt\u00e9 au salon, \u00e0 la chambre \u00e0 coucher, au balcon, au jardin, \u00e0 la cour ext\u00e9rieure, \u00e0 la plage, au camping, aux voyages, \u00e0 la randonn\u00e9e, etc.<\/li>\n<li>Service: Si vous avez des questions sur nos produits, veuillez nous contacter! Nous essayons de vous r\u00e9pondre dans les 24 heures !<\/li>\n<li>Il est pr\u00e9f\u00e9rable de tissu floqu\u00e9, respirant, doux pour la peau, la salet\u00e9, et durable.<\/li>\n<li>Design ergonomique courbe, support multi-points, \u00e0 proximit\u00e9 de la courbe du corps, plus confortable.<\/li>\n<li>Mandrin de basculement bas con\u00e7u pour emp\u00eacher la course de d\u00e9clenchement.<\/li>\n<li>Condition: 100%<\/li>\n<\/ul>\n<\/div>\n","protected":false},"featured_media":28855,"comment_status":"open","ping_status":"closed","template":"","meta":{"_joinchat":[]},"product_brand":[],"product_cat":[20,76,75],"product_tag":[],"class_list":{"0":"post-28854","1":"product","2":"type-product","3":"status-publish","4":"has-post-thumbnail","6":"product_cat-accessoires","7":"product_cat-enfant","8":"product_cat-maison-bureau","10":"first","11":"instock","12":"sale","13":"shipping-taxable","14":"purchasable","15":"product-type-simple"},"jetpack_sharing_enabled":true,"_links":{"self":[{"href":"https:\/\/rowayad.com\/index.php\/wp-json\/wp\/v2\/product\/28854","targetHints":{"allow":["GET"]}}],"collection":[{"href":"https:\/\/rowayad.com\/index.php\/wp-json\/wp\/v2\/product"}],"about":[{"href":"https:\/\/rowayad.com\/index.php\/wp-json\/wp\/v2\/types\/product"}],"replies":[{"embeddable":true,"href":"https:\/\/rowayad.com\/index.php\/wp-json\/wp\/v2\/comments?post=28854"}],"version-history":[{"count":1,"href":"https:\/\/rowayad.com\/index.php\/wp-json\/wp\/v2\/product\/28854\/revisions"}],"predecessor-version":[{"id":28857,"href":"https:\/\/rowayad.com\/index.php\/wp-json\/wp\/v2\/product\/28854\/revisions\/28857"}],"wp:featuredmedia":[{"embeddable":true,"href":"https:\/\/rowayad.com\/index.php\/wp-json\/wp\/v2\/media\/28855"}],"wp:attachment":[{"href":"https:\/\/rowayad.com\/index.php\/wp-json\/wp\/v2\/media?parent=28854"}],"wp:term":[{"taxonomy":"product_brand","embeddable":true,"href":"https:\/\/rowayad.com\/index.php\/wp-json\/wp\/v2\/product_brand?post=28854"},{"taxonomy":"product_cat","embeddable":true,"href":"https:\/\/rowayad.com\/index.php\/wp-json\/wp\/v2\/product_cat?post=28854"},{"taxonomy":"product_tag","embeddable":true,"href":"https:\/\/rowayad.com\/index.php\/wp-json\/wp\/v2\/product_tag?post=28854"}],"curies":[{"name":"wp","href":"https:\/\/api.w.org\/{rel}","templated":true}]}}