{"id":28858,"date":"2026-02-28T17:18:10","date_gmt":"2026-02-28T17:18:10","guid":{"rendered":"https:\/\/rowayad.com\/?post_type=product&#038;p=28858"},"modified":"2026-04-10T11:20:48","modified_gmt":"2026-04-10T11:20:48","slug":"etagere-de-machine-a-laver-meuble-de-rangement-au-dessus-de-la-machine-a-laver-blanc","status":"publish","type":"product","link":"https:\/\/rowayad.com\/index.php\/produit\/etagere-de-machine-a-laver-meuble-de-rangement-au-dessus-de-la-machine-a-laver-blanc\/","title":{"rendered":"Etag\u00e8re de machine a laver, Meuble de Rangement au-Dessus de la machine a laver &#8211; Blanc"},"content":{"rendered":"<header class=\"-pvs -bb\">\n<h2 class=\"-fs20 -m -phm -pvxs\">D\u00e9tails<\/h2>\n<\/header>\n<div class=\"markup -mhm -pvl -oxa -sc\">\u00a0 Meuble de rangement en colonne id\u00e9al pour utiliser l&rsquo;espace se situant au-dessus de votre machine \u00e0 laver<br \/>\nAvec 3 tablettes vous permettant de stocker toutes sortes d&rsquo;affaires \u00e0 port\u00e9e de main : serviettes, papier toilette, savons, lessives, d\u00e9tergents, et autres produits hygi\u00e9niques<br \/>\nPossibilit\u00e9 de fixation au mur pour davantage de stabilit\u00e9 (mat\u00e9riel de montage mural inclus)<br \/>\nDesign moderne et \u00e9l\u00e9gant avec sa structure en m\u00e9tal laqu\u00e9 blanc, qui s&rsquo;accordera facilement avec le mobilier de votre salle de bain!<\/div>\n","protected":false},"excerpt":{"rendered":"<h2 class=\"hdr -upp -fs14 -m -pam\">Principales caract\u00e9ristiques<\/h2>\n<div class=\"markup -pam\">\n<ul>\n<li>Taille: 165 * 55 * 26cm<\/li>\n<li>Assemblage facile<\/li>\n<li>3 \u00e9tag\u00e8res<\/li>\n<li>M\u00e9tal laqu\u00e9 blanc<\/li>\n<li>Design Moderne et \u00e9l\u00e9gant<\/li>\n<li>Taille: 165 * 55 * 26cm<\/li>\n<li>Mat\u00e9riel: acier peint<\/li>\n<li>Couleur:blanc<\/li>\n<li>Port\u00e9e de l&rsquo;offre:<\/li>\n<li>1 x \u00e9tag\u00e8re de salle de bain<\/li>\n<li>1 x notice de montage<\/li>\n<li>\u00a0Le produit est livr\u00e9 en pi\u00e8ces d\u00e9tach\u00e9es<\/li>\n<li>\u00a0Assemblage facile gr\u00e2ce \u00e0 la notice.<\/li>\n<\/ul>\n<\/div>\n","protected":false},"featured_media":28859,"comment_status":"open","ping_status":"closed","template":"","meta":{"_joinchat":[]},"product_brand":[],"product_cat":[20,75],"product_tag":[],"class_list":{"0":"post-28858","1":"product","2":"type-product","3":"status-publish","4":"has-post-thumbnail","6":"product_cat-accessoires","7":"product_cat-maison-bureau","9":"first","10":"instock","11":"sale","12":"shipping-taxable","13":"purchasable","14":"product-type-simple"},"jetpack_sharing_enabled":true,"_links":{"self":[{"href":"https:\/\/rowayad.com\/index.php\/wp-json\/wp\/v2\/product\/28858","targetHints":{"allow":["GET"]}}],"collection":[{"href":"https:\/\/rowayad.com\/index.php\/wp-json\/wp\/v2\/product"}],"about":[{"href":"https:\/\/rowayad.com\/index.php\/wp-json\/wp\/v2\/types\/product"}],"replies":[{"embeddable":true,"href":"https:\/\/rowayad.com\/index.php\/wp-json\/wp\/v2\/comments?post=28858"}],"version-history":[{"count":1,"href":"https:\/\/rowayad.com\/index.php\/wp-json\/wp\/v2\/product\/28858\/revisions"}],"predecessor-version":[{"id":28862,"href":"https:\/\/rowayad.com\/index.php\/wp-json\/wp\/v2\/product\/28858\/revisions\/28862"}],"wp:featuredmedia":[{"embeddable":true,"href":"https:\/\/rowayad.com\/index.php\/wp-json\/wp\/v2\/media\/28859"}],"wp:attachment":[{"href":"https:\/\/rowayad.com\/index.php\/wp-json\/wp\/v2\/media?parent=28858"}],"wp:term":[{"taxonomy":"product_brand","embeddable":true,"href":"https:\/\/rowayad.com\/index.php\/wp-json\/wp\/v2\/product_brand?post=28858"},{"taxonomy":"product_cat","embeddable":true,"href":"https:\/\/rowayad.com\/index.php\/wp-json\/wp\/v2\/product_cat?post=28858"},{"taxonomy":"product_tag","embeddable":true,"href":"https:\/\/rowayad.com\/index.php\/wp-json\/wp\/v2\/product_tag?post=28858"}],"curies":[{"name":"wp","href":"https:\/\/api.w.org\/{rel}","templated":true}]}}