{"id":28863,"date":"2026-02-28T17:28:08","date_gmt":"2026-02-28T17:28:08","guid":{"rendered":"https:\/\/rowayad.com\/?post_type=product&#038;p=28863"},"modified":"2026-04-10T11:19:51","modified_gmt":"2026-04-10T11:19:51","slug":"white-label-seche-linge-demontable","status":"publish","type":"product","link":"https:\/\/rowayad.com\/index.php\/produit\/white-label-seche-linge-demontable\/","title":{"rendered":"White Label S\u00e8che-Linge D\u00e9montable"},"content":{"rendered":"<h2 class=\"hdr -upp -fs14 -m -pam\">Principales caract\u00e9ristiques<\/h2>\n<div class=\"markup -pam\">\n<p>Caract\u00e9ristiques:<\/p>\n<ul>\n<li>Longueur de s\u00e9chage &#8211; 34 m\u00e8tres<\/li>\n<li>3 niveaux avec grilles pliables et non obstru\u00e9es<\/li>\n<li>les supports \u00ab\u00a0porte-v\u00eatements\u00a0\u00bb de chaque c\u00f4t\u00e9<\/li>\n<li>Grande capacit\u00e9 de s\u00e9chage avec une surface min\u00e9rale<\/li>\n<li>Rev\u00eatement EPOTHERM<\/li>\n<li>Aluminium anodis\u00e9 garantissant une r\u00e9sistance \u00e0 la rouille et une protection durable<\/li>\n<li>Taille:<\/li>\n<li>H133cm x W78cm x D64cm<\/li>\n<li>H133cm x W78cm x D8cm (pli\u00e9)<\/li>\n<\/ul>\n<\/div>\n","protected":false},"excerpt":{"rendered":"<p>Principales caract\u00e9ristiques Caract\u00e9ristiques: Longueur de s\u00e9chage &#8211; 34 m\u00e8tres 3 niveaux avec grilles pliables et non obstru\u00e9es les supports \u00ab\u00a0porte-v\u00eatements\u00a0\u00bb<\/p>\n","protected":false},"featured_media":28864,"comment_status":"open","ping_status":"closed","template":"","meta":{"_joinchat":[]},"product_brand":[],"product_cat":[20,75],"product_tag":[],"class_list":{"0":"post-28863","1":"product","2":"type-product","3":"status-publish","4":"has-post-thumbnail","6":"product_cat-accessoires","7":"product_cat-maison-bureau","9":"first","10":"instock","11":"sale","12":"shipping-taxable","13":"purchasable","14":"product-type-simple"},"jetpack_sharing_enabled":true,"_links":{"self":[{"href":"https:\/\/rowayad.com\/index.php\/wp-json\/wp\/v2\/product\/28863","targetHints":{"allow":["GET"]}}],"collection":[{"href":"https:\/\/rowayad.com\/index.php\/wp-json\/wp\/v2\/product"}],"about":[{"href":"https:\/\/rowayad.com\/index.php\/wp-json\/wp\/v2\/types\/product"}],"replies":[{"embeddable":true,"href":"https:\/\/rowayad.com\/index.php\/wp-json\/wp\/v2\/comments?post=28863"}],"version-history":[{"count":1,"href":"https:\/\/rowayad.com\/index.php\/wp-json\/wp\/v2\/product\/28863\/revisions"}],"predecessor-version":[{"id":28865,"href":"https:\/\/rowayad.com\/index.php\/wp-json\/wp\/v2\/product\/28863\/revisions\/28865"}],"wp:featuredmedia":[{"embeddable":true,"href":"https:\/\/rowayad.com\/index.php\/wp-json\/wp\/v2\/media\/28864"}],"wp:attachment":[{"href":"https:\/\/rowayad.com\/index.php\/wp-json\/wp\/v2\/media?parent=28863"}],"wp:term":[{"taxonomy":"product_brand","embeddable":true,"href":"https:\/\/rowayad.com\/index.php\/wp-json\/wp\/v2\/product_brand?post=28863"},{"taxonomy":"product_cat","embeddable":true,"href":"https:\/\/rowayad.com\/index.php\/wp-json\/wp\/v2\/product_cat?post=28863"},{"taxonomy":"product_tag","embeddable":true,"href":"https:\/\/rowayad.com\/index.php\/wp-json\/wp\/v2\/product_tag?post=28863"}],"curies":[{"name":"wp","href":"https:\/\/api.w.org\/{rel}","templated":true}]}}