{"id":28866,"date":"2026-02-28T17:55:28","date_gmt":"2026-02-28T17:55:28","guid":{"rendered":"https:\/\/rowayad.com\/?post_type=product&#038;p=28866"},"modified":"2026-04-10T11:18:24","modified_gmt":"2026-04-10T11:18:24","slug":"machine-a-cafe-noir-680w","status":"publish","type":"product","link":"https:\/\/rowayad.com\/index.php\/produit\/machine-a-cafe-noir-680w\/","title":{"rendered":"Machine a cafe Noir 680w"},"content":{"rendered":"<header class=\"-pvs -bb\">\n<h2 class=\"-fs20 -m -phm -pvxs\">D\u00e9tails<\/h2>\n<h2 class=\"hdr -upp -fs14 -m -pam\">Principales caract\u00e9ristiques<\/h2>\n<div class=\"markup -pam\">\n<ul>\n<li>cafeti\u00e8re goutte \u00e0 goutte pour 10 \u00e0 12 tasses. filtre permanent syst\u00e8me anti-goutte.<\/li>\n<li>plaque chauffante antiadh\u00e9sive. interrupteur marche \/ arr\u00eat<\/li>\n<li>220-240V<\/li>\n<li>50\/60hz<\/li>\n<li>680W<\/li>\n<\/ul>\n<\/div>\n<\/header>\n<div class=\"markup -mhm -pvl -oxa -sc\">Cafeti\u00e8re goutte \u00e0 goutte pour 10 \u00e0 12 tasses. Filtre permanent syst\u00e8me anti-goutte. plaque chauffante antiadh\u00e9sive. Interrupteur marche \/ arr\u00eat Capacit\u00e9 Porte-filtre Swing Clapet anti -drip<br \/>\nFiltre permanant, R\u00e9servoir d\u2019eau semitransparent de niveau d\u2019eau<br \/>\nAllum\u00e9e interrupteur ON \/ OFF<\/div>\n","protected":false},"excerpt":{"rendered":"<h2 class=\"hdr -upp -fs14 -m -pam\">Principales caract\u00e9ristiques<\/h2>\n<div class=\"markup -pam\">\n<ul>\n<li>cafeti\u00e8re goutte \u00e0 goutte pour 10 \u00e0 12 tasses. filtre permanent syst\u00e8me anti-goutte.<\/li>\n<li>plaque chauffante antiadh\u00e9sive. interrupteur marche \/ arr\u00eat<\/li>\n<li>220-240V<\/li>\n<li>50\/60hz<\/li>\n<li>680W<\/li>\n<\/ul>\n<\/div>\n","protected":false},"featured_media":28867,"comment_status":"open","ping_status":"closed","template":"","meta":{"_joinchat":[]},"product_brand":[],"product_cat":[74,75],"product_tag":[],"class_list":{"0":"post-28866","1":"product","2":"type-product","3":"status-publish","4":"has-post-thumbnail","6":"product_cat-electromenager","7":"product_cat-maison-bureau","9":"first","10":"instock","11":"sale","12":"shipping-taxable","13":"purchasable","14":"product-type-simple"},"jetpack_sharing_enabled":true,"_links":{"self":[{"href":"https:\/\/rowayad.com\/index.php\/wp-json\/wp\/v2\/product\/28866","targetHints":{"allow":["GET"]}}],"collection":[{"href":"https:\/\/rowayad.com\/index.php\/wp-json\/wp\/v2\/product"}],"about":[{"href":"https:\/\/rowayad.com\/index.php\/wp-json\/wp\/v2\/types\/product"}],"replies":[{"embeddable":true,"href":"https:\/\/rowayad.com\/index.php\/wp-json\/wp\/v2\/comments?post=28866"}],"version-history":[{"count":2,"href":"https:\/\/rowayad.com\/index.php\/wp-json\/wp\/v2\/product\/28866\/revisions"}],"predecessor-version":[{"id":29139,"href":"https:\/\/rowayad.com\/index.php\/wp-json\/wp\/v2\/product\/28866\/revisions\/29139"}],"wp:featuredmedia":[{"embeddable":true,"href":"https:\/\/rowayad.com\/index.php\/wp-json\/wp\/v2\/media\/28867"}],"wp:attachment":[{"href":"https:\/\/rowayad.com\/index.php\/wp-json\/wp\/v2\/media?parent=28866"}],"wp:term":[{"taxonomy":"product_brand","embeddable":true,"href":"https:\/\/rowayad.com\/index.php\/wp-json\/wp\/v2\/product_brand?post=28866"},{"taxonomy":"product_cat","embeddable":true,"href":"https:\/\/rowayad.com\/index.php\/wp-json\/wp\/v2\/product_cat?post=28866"},{"taxonomy":"product_tag","embeddable":true,"href":"https:\/\/rowayad.com\/index.php\/wp-json\/wp\/v2\/product_tag?post=28866"}],"curies":[{"name":"wp","href":"https:\/\/api.w.org\/{rel}","templated":true}]}}