{"id":28875,"date":"2026-02-28T18:11:18","date_gmt":"2026-02-28T18:11:18","guid":{"rendered":"https:\/\/rowayad.com\/?post_type=product&#038;p=28875"},"modified":"2026-04-10T11:11:53","modified_gmt":"2026-04-10T11:11:53","slug":"mug-electrique-acier-inoxydable-avec-plug-in-pour-voiture-450-ml","status":"publish","type":"product","link":"https:\/\/rowayad.com\/index.php\/produit\/mug-electrique-acier-inoxydable-avec-plug-in-pour-voiture-450-ml\/","title":{"rendered":"Mug Electrique &#8211; Acier Inoxydable avec Plug-in pour Voiture &#8211; 450 ml"},"content":{"rendered":"<header class=\"-pvs -bb\">\n<h2 class=\"-fs20 -m -phm -pvxs\">D\u00e9tails<\/h2>\n<\/header>\n<div class=\"markup -mhm -pvl -oxa -sc\">Aliment\u00e9 par une prise de courant pour allume-cigare 12V, permet de boire de l&rsquo;eau chaude sur la route. Fabriqu\u00e9 en acier inoxydable de qualit\u00e9 alimentaire 304 et en PP, sans danger pour boire de l&rsquo;eau bouillie. L&rsquo;allume-cigarette con\u00e7u avec un voyant peut comprendre l&rsquo;\u00e9tat de fonctionnement du gobelet \u00e9lectrique. Gobelet int\u00e9rieur et ext\u00e9rieur utilisant la technologie d&rsquo;isolation sous vide, bon effet isolant pour \u00e9viter les br\u00fblures Couvercle de bouilloire scell\u00e9 en gel de silicone de haute qualit\u00e9, s\u00fbr et non toxique, bonne \u00e9tanch\u00e9it\u00e9 pour garder l&rsquo;eau chaude, et \u00e9vite que la boisson ne d\u00e9borde. Convient \u00e0 la plupart des porte-gobelets de voiture, id\u00e9al pour les voyages.<\/div>\n","protected":false},"excerpt":{"rendered":"<h2 class=\"hdr -upp -fs14 -m -pam\">Principales caract\u00e9ristiques<\/h2>\n<div class=\"markup -pam\">\n<ul>\n<li>Marque: g\u00e9n\u00e9rique<\/li>\n<li>Type: Mugs de Voyage<\/li>\n<li>mat\u00e9riel: acier inoxydable<\/li>\n<li>Preuve lave-vaisselle: Oui<\/li>\n<li>Preuve micro-ondes: Non<\/li>\n<li>Couleur: argent<\/li>\n<li>Poids: 0,33 kg<\/li>\n<li>Capacit\u00e9: 450 ml<\/li>\n<li>Mug Electrique en Acier Inoxydable 12V<\/li>\n<li>Repose confortablement dans le support de votre voiture<\/li>\n<li>Branchez-le \u00e0 l\u2019allume-cigarette pour garder notre boisson au chaud<\/li>\n<li>12V Car Mug ne r\u00e9chauffe pas les boissons froides<\/li>\n<li>Vous pouvez voyager n&rsquo;importe o\u00f9 et attendre pendant de longues p\u00e9riodes et &#8230;<\/li>\n<\/ul>\n<\/div>\n","protected":false},"featured_media":28876,"comment_status":"open","ping_status":"closed","template":"","meta":{"_joinchat":[]},"product_brand":[],"product_cat":[20,74,75],"product_tag":[],"class_list":{"0":"post-28875","1":"product","2":"type-product","3":"status-publish","4":"has-post-thumbnail","6":"product_cat-accessoires","7":"product_cat-electromenager","8":"product_cat-maison-bureau","10":"first","11":"instock","12":"sale","13":"shipping-taxable","14":"purchasable","15":"product-type-simple"},"jetpack_sharing_enabled":true,"_links":{"self":[{"href":"https:\/\/rowayad.com\/index.php\/wp-json\/wp\/v2\/product\/28875","targetHints":{"allow":["GET"]}}],"collection":[{"href":"https:\/\/rowayad.com\/index.php\/wp-json\/wp\/v2\/product"}],"about":[{"href":"https:\/\/rowayad.com\/index.php\/wp-json\/wp\/v2\/types\/product"}],"replies":[{"embeddable":true,"href":"https:\/\/rowayad.com\/index.php\/wp-json\/wp\/v2\/comments?post=28875"}],"version-history":[{"count":1,"href":"https:\/\/rowayad.com\/index.php\/wp-json\/wp\/v2\/product\/28875\/revisions"}],"predecessor-version":[{"id":28877,"href":"https:\/\/rowayad.com\/index.php\/wp-json\/wp\/v2\/product\/28875\/revisions\/28877"}],"wp:featuredmedia":[{"embeddable":true,"href":"https:\/\/rowayad.com\/index.php\/wp-json\/wp\/v2\/media\/28876"}],"wp:attachment":[{"href":"https:\/\/rowayad.com\/index.php\/wp-json\/wp\/v2\/media?parent=28875"}],"wp:term":[{"taxonomy":"product_brand","embeddable":true,"href":"https:\/\/rowayad.com\/index.php\/wp-json\/wp\/v2\/product_brand?post=28875"},{"taxonomy":"product_cat","embeddable":true,"href":"https:\/\/rowayad.com\/index.php\/wp-json\/wp\/v2\/product_cat?post=28875"},{"taxonomy":"product_tag","embeddable":true,"href":"https:\/\/rowayad.com\/index.php\/wp-json\/wp\/v2\/product_tag?post=28875"}],"curies":[{"name":"wp","href":"https:\/\/api.w.org\/{rel}","templated":true}]}}