{"id":28889,"date":"2026-02-28T18:38:38","date_gmt":"2026-02-28T18:38:38","guid":{"rendered":"https:\/\/rowayad.com\/?post_type=product&#038;p=28889"},"modified":"2026-04-10T11:03:52","modified_gmt":"2026-04-10T11:03:52","slug":"tasse-de-voyage-avec-affichage-de-la-temperature-avec-indicateur-de-temperature","status":"publish","type":"product","link":"https:\/\/rowayad.com\/index.php\/produit\/tasse-de-voyage-avec-affichage-de-la-temperature-avec-indicateur-de-temperature\/","title":{"rendered":"Tasse de voyage avec affichage de la temp\u00e9rature Avec Indicateur De Temp\u00e9rature"},"content":{"rendered":"<header class=\"-pvs -bb\">\n<h2 class=\"-fs20 -m -phm -pvxs\">D\u00e9tails<\/h2>\n<\/header>\n<div class=\"markup -mhm -pvl -oxa -sc\">\n<p>\u00a0\u00a0<b>\u00a0Gourde Isotherme\u00a0<\/b><\/p>\n<p>Description:<\/p>\n<h2 class=\"hdr -upp -fs14 -m -pam\">Principales caract\u00e9ristiques<\/h2>\n<div class=\"markup -pam\">\n<ul>\n<li>Type de produit: Gourde<\/li>\n<li>Technologie: Isolation thermique<\/li>\n<li>Affichage: Ecran LED<\/li>\n<li>Capacit\u00e9 : 510ML<\/li>\n<li>Quantit\u00e9: 1<\/li>\n<\/ul>\n<\/div>\n<p>La tasse de voyage avec affichage de la temp\u00e9rature maintient les boissons \u00e0 la temp\u00e9rature optimale lors de vos d\u00e9placements. Cette tasse de voyage astucieuse dispose d&rsquo;un indicateur de temp\u00e9rature en temps r\u00e9el pour que vous sachiez toujours si votre boisson est trop chaude ou trop froide.<br \/>\nCette magnifique tasse de voyage en acier inoxydable est robuste. Le noir, l&rsquo;argent, le rouge, le bleu et d&rsquo;autres teintes sont disponibles pour compl\u00e9ter votre style. Son design tendance et ses options de couleurs en font un cadeau formidable pour la famille et les amis, tandis que le coffret cadeau en acier est parfait pour les cadeaux d&rsquo;affaires.<br \/>\nLa tasse de voyage avec affichage de la temp\u00e9rature fonctionne sur le lieu de travail, \u00e0 la salle de sport et partout entre les deux. Cette tasse portable gardera votre caf\u00e9 ou th\u00e9 \u00e0 la temp\u00e9rature id\u00e9ale pendant des heures.<br \/>\nSp\u00e9cifications \u2013<br \/>\nMat\u00e9riau \u2013 Acier inoxydable noir510 millilitres<\/p>\n<\/div>\n","protected":false},"excerpt":{"rendered":"<h2 class=\"hdr -upp -fs14 -m -pam\">Principales caract\u00e9ristiques<\/h2>\n<div class=\"markup -pam\">\n<ul>\n<li>Type de produit: Gourde<\/li>\n<li>Technologie: Isolation thermique<\/li>\n<li>Affichage: Ecran LED<\/li>\n<li>Capacit\u00e9 : 510ML<\/li>\n<li>Quantit\u00e9: 1<\/li>\n<\/ul>\n<\/div>\n","protected":false},"featured_media":28891,"comment_status":"open","ping_status":"closed","template":"","meta":{"_joinchat":[]},"product_brand":[],"product_cat":[20,75],"product_tag":[],"class_list":{"0":"post-28889","1":"product","2":"type-product","3":"status-publish","4":"has-post-thumbnail","6":"product_cat-accessoires","7":"product_cat-maison-bureau","9":"first","10":"instock","11":"sale","12":"shipping-taxable","13":"purchasable","14":"product-type-simple"},"jetpack_sharing_enabled":true,"_links":{"self":[{"href":"https:\/\/rowayad.com\/index.php\/wp-json\/wp\/v2\/product\/28889","targetHints":{"allow":["GET"]}}],"collection":[{"href":"https:\/\/rowayad.com\/index.php\/wp-json\/wp\/v2\/product"}],"about":[{"href":"https:\/\/rowayad.com\/index.php\/wp-json\/wp\/v2\/types\/product"}],"replies":[{"embeddable":true,"href":"https:\/\/rowayad.com\/index.php\/wp-json\/wp\/v2\/comments?post=28889"}],"version-history":[{"count":3,"href":"https:\/\/rowayad.com\/index.php\/wp-json\/wp\/v2\/product\/28889\/revisions"}],"predecessor-version":[{"id":29138,"href":"https:\/\/rowayad.com\/index.php\/wp-json\/wp\/v2\/product\/28889\/revisions\/29138"}],"wp:featuredmedia":[{"embeddable":true,"href":"https:\/\/rowayad.com\/index.php\/wp-json\/wp\/v2\/media\/28891"}],"wp:attachment":[{"href":"https:\/\/rowayad.com\/index.php\/wp-json\/wp\/v2\/media?parent=28889"}],"wp:term":[{"taxonomy":"product_brand","embeddable":true,"href":"https:\/\/rowayad.com\/index.php\/wp-json\/wp\/v2\/product_brand?post=28889"},{"taxonomy":"product_cat","embeddable":true,"href":"https:\/\/rowayad.com\/index.php\/wp-json\/wp\/v2\/product_cat?post=28889"},{"taxonomy":"product_tag","embeddable":true,"href":"https:\/\/rowayad.com\/index.php\/wp-json\/wp\/v2\/product_tag?post=28889"}],"curies":[{"name":"wp","href":"https:\/\/api.w.org\/{rel}","templated":true}]}}