{"id":28894,"date":"2026-02-28T18:47:19","date_gmt":"2026-02-28T18:47:19","guid":{"rendered":"https:\/\/rowayad.com\/?post_type=product&#038;p=28894"},"modified":"2026-03-01T17:20:54","modified_gmt":"2026-03-01T17:20:54","slug":"rape-pied-electrique-aux-cristaux-de-diamant-bonus-tete-de-rouleau-bleu","status":"publish","type":"product","link":"https:\/\/rowayad.com\/index.php\/produit\/rape-pied-electrique-aux-cristaux-de-diamant-bonus-tete-de-rouleau-bleu\/","title":{"rendered":"Rape Pied Electrique aux Cristaux de Diamant + Bonus t\u00eate de rouleau &#8211; Bleu"},"content":{"rendered":"<header class=\"-pvs -bb\">\n<h2 class=\"-fs20 -m -phm -pvxs\">D\u00e9tails<\/h2>\n<\/header>\n<div class=\"markup -mhm -pvl -oxa -sc\">\n<p>Rape Pied Electrique aux Cristaux de Diamant<\/p>\n<p>Elimine doucement et efficacement votre peau dure et \u00e9paisse pour r\u00e9v\u00e9ler des pieds doux et souples.<\/p>\n<p dir=\"ltr\" data-fulltext=\"\" data-placeholder=\"Traduction\">T\u00eate de rouleau Extra grossier rechargeable qui tourne \u00e0 360 degr\u00e9s pour des r\u00e9sultats rapides sur une peau \u00e9paisse et calleuse. Le fichier de pied est aliment\u00e9 par batterie, aliment\u00e9 par 4 piles AA (non incluses), pratiques \u00e0 utiliser.<br \/>\nConfortable, s\u00fbr et efficace pour enlever la peau morte des pieds \/ ongles pour la p\u00e9dicure parfaite \u00e0 la maison.<br \/>\nIl y a aussi une t\u00eate de rouleau grossi\u00e8re de rechange pour chaque paquet<\/p>\n<\/div>\n","protected":false},"excerpt":{"rendered":"<h2 class=\"hdr -upp -fs14 -m -pam\">Principales caract\u00e9ristiques<\/h2>\n<div class=\"markup -pam\">\n<ul>\n<li>Rape Pied Electrique<\/li>\n<li>Cristaux de Diamant<\/li>\n<li>T\u00eate de rouleau Extra grossier<\/li>\n<li>Rechargeable<\/li>\n<li>Tourne \u00e0 360 degr\u00e9s.<\/li>\n<li>Aliment\u00e9 par batterie,<\/li>\n<li>Aliment\u00e9 par 4 piles AA (non incluses)<\/li>\n<li>Efficace pour enlever la peau morte des pieds \/ ongles pour la p\u00e9dicure parfaite \u00e0 la maison.<\/li>\n<li>T\u00eate de rouleau grossi\u00e8re de rechange pour chaque paquet<\/li>\n<li>Elimine doucement et efficacement votre peau dure et \u00e9paisse pour r\u00e9v\u00e9ler des pieds doux et souples.<\/li>\n<\/ul>\n<\/div>\n","protected":false},"featured_media":28895,"comment_status":"open","ping_status":"closed","template":"","meta":{"_joinchat":[]},"product_brand":[],"product_cat":[20],"product_tag":[],"class_list":{"0":"post-28894","1":"product","2":"type-product","3":"status-publish","4":"has-post-thumbnail","6":"product_cat-accessoires","8":"first","9":"instock","10":"sale","11":"shipping-taxable","12":"purchasable","13":"product-type-simple"},"jetpack_sharing_enabled":true,"_links":{"self":[{"href":"https:\/\/rowayad.com\/index.php\/wp-json\/wp\/v2\/product\/28894","targetHints":{"allow":["GET"]}}],"collection":[{"href":"https:\/\/rowayad.com\/index.php\/wp-json\/wp\/v2\/product"}],"about":[{"href":"https:\/\/rowayad.com\/index.php\/wp-json\/wp\/v2\/types\/product"}],"replies":[{"embeddable":true,"href":"https:\/\/rowayad.com\/index.php\/wp-json\/wp\/v2\/comments?post=28894"}],"version-history":[{"count":1,"href":"https:\/\/rowayad.com\/index.php\/wp-json\/wp\/v2\/product\/28894\/revisions"}],"predecessor-version":[{"id":28898,"href":"https:\/\/rowayad.com\/index.php\/wp-json\/wp\/v2\/product\/28894\/revisions\/28898"}],"wp:featuredmedia":[{"embeddable":true,"href":"https:\/\/rowayad.com\/index.php\/wp-json\/wp\/v2\/media\/28895"}],"wp:attachment":[{"href":"https:\/\/rowayad.com\/index.php\/wp-json\/wp\/v2\/media?parent=28894"}],"wp:term":[{"taxonomy":"product_brand","embeddable":true,"href":"https:\/\/rowayad.com\/index.php\/wp-json\/wp\/v2\/product_brand?post=28894"},{"taxonomy":"product_cat","embeddable":true,"href":"https:\/\/rowayad.com\/index.php\/wp-json\/wp\/v2\/product_cat?post=28894"},{"taxonomy":"product_tag","embeddable":true,"href":"https:\/\/rowayad.com\/index.php\/wp-json\/wp\/v2\/product_tag?post=28894"}],"curies":[{"name":"wp","href":"https:\/\/api.w.org\/{rel}","templated":true}]}}