{"id":28912,"date":"2026-03-03T10:56:58","date_gmt":"2026-03-03T10:56:58","guid":{"rendered":"https:\/\/rowayad.com\/?post_type=product&#038;p=28912"},"modified":"2026-04-10T11:02:37","modified_gmt":"2026-04-10T11:02:37","slug":"bande-elastique-de-resistance-610mm-x-50mm-x-06mm-rouge","status":"publish","type":"product","link":"https:\/\/rowayad.com\/index.php\/produit\/bande-elastique-de-resistance-610mm-x-50mm-x-06mm-rouge\/","title":{"rendered":"Bande \u00c9lastique de Resistance 610mm X 50mm X 0,6mm &#8211; Rouge"},"content":{"rendered":"<header class=\"-pvs -bb\">\n<h2 class=\"-fs20 -m -phm -pvxs\">D\u00e9tails<\/h2>\n<\/header>\n<div class=\"markup -mhm -pvl -oxa -sc\">\n<h1 class=\"a-size-small a-color-secondary a-text-normal\" data-feature-name=\"title\" data-template-name=\"title\">Equipement l\u00e9ger, nomade et peu on\u00e9reux, la bande \u00e9lastique fait partie du petit mat\u00e9riel de fitness, pour optimiser les exercices de renforcement musculaire et surtout fessier. Commandez le et faites vous livrer \u00e0 domicile !!!<\/h1>\n<\/div>\n","protected":false},"excerpt":{"rendered":"<h2 class=\"hdr -upp -fs14 -m -pam\">Principales caract\u00e9ristiques<\/h2>\n<div class=\"markup -pam\">\n<h1 class=\"a-size-small a-color-secondary a-text-normal\" data-feature-name=\"title\" data-template-name=\"title\">Mati\u00e8re : \u00e9lastique Dimensions: 610mm X 50mm X 0,6mm Pratique pour la gymnastiqueL&rsquo;agilit\u00e9 au sol<\/h1>\n<\/div>\n","protected":false},"featured_media":28914,"comment_status":"open","ping_status":"closed","template":"","meta":{"_joinchat":[]},"product_brand":[],"product_cat":[20,73],"product_tag":[],"class_list":{"0":"post-28912","1":"product","2":"type-product","3":"status-publish","4":"has-post-thumbnail","6":"product_cat-accessoires","7":"product_cat-sport","9":"first","10":"instock","11":"sale","12":"shipping-taxable","13":"purchasable","14":"product-type-simple"},"jetpack_sharing_enabled":true,"_links":{"self":[{"href":"https:\/\/rowayad.com\/index.php\/wp-json\/wp\/v2\/product\/28912","targetHints":{"allow":["GET"]}}],"collection":[{"href":"https:\/\/rowayad.com\/index.php\/wp-json\/wp\/v2\/product"}],"about":[{"href":"https:\/\/rowayad.com\/index.php\/wp-json\/wp\/v2\/types\/product"}],"replies":[{"embeddable":true,"href":"https:\/\/rowayad.com\/index.php\/wp-json\/wp\/v2\/comments?post=28912"}],"version-history":[{"count":1,"href":"https:\/\/rowayad.com\/index.php\/wp-json\/wp\/v2\/product\/28912\/revisions"}],"predecessor-version":[{"id":28916,"href":"https:\/\/rowayad.com\/index.php\/wp-json\/wp\/v2\/product\/28912\/revisions\/28916"}],"wp:featuredmedia":[{"embeddable":true,"href":"https:\/\/rowayad.com\/index.php\/wp-json\/wp\/v2\/media\/28914"}],"wp:attachment":[{"href":"https:\/\/rowayad.com\/index.php\/wp-json\/wp\/v2\/media?parent=28912"}],"wp:term":[{"taxonomy":"product_brand","embeddable":true,"href":"https:\/\/rowayad.com\/index.php\/wp-json\/wp\/v2\/product_brand?post=28912"},{"taxonomy":"product_cat","embeddable":true,"href":"https:\/\/rowayad.com\/index.php\/wp-json\/wp\/v2\/product_cat?post=28912"},{"taxonomy":"product_tag","embeddable":true,"href":"https:\/\/rowayad.com\/index.php\/wp-json\/wp\/v2\/product_tag?post=28912"}],"curies":[{"name":"wp","href":"https:\/\/api.w.org\/{rel}","templated":true}]}}