{"id":28922,"date":"2026-03-03T17:42:56","date_gmt":"2026-03-03T17:42:56","guid":{"rendered":"https:\/\/rowayad.com\/?post_type=product&#038;p=28922"},"modified":"2026-04-10T11:01:48","modified_gmt":"2026-04-10T11:01:48","slug":"canape-de-massage-electrique-de-mise-en-forme-du-corps-de-dos","status":"publish","type":"product","link":"https:\/\/rowayad.com\/index.php\/produit\/canape-de-massage-electrique-de-mise-en-forme-du-corps-de-dos\/","title":{"rendered":"Canap\u00e9 de Massage \u00e9lectrique de mise en forme du corps de dos"},"content":{"rendered":"<header class=\"-pvs -bb\">\n<h2 class=\"-fs20 -m -phm -pvxs\">D\u00e9tails<\/h2>\n<\/header>\n<p><!--more--><\/p>\n<div class=\"markup -mhm -pvl -oxa -sc\">\n<p>Sofa apporte la toute derni\u00e8re technologie de relaxation et de gu\u00e9rison dans la paix et le confort de votre maison.<\/p>\n<p>Offrez-vous un massage partiel du corps qui allie tranquillit\u00e9 et juste ce qu&rsquo;il faut de pression, offrant l&rsquo;\u00e9quilibre le plus optimal \u00e0 votre cou et au bas de votre corps.<\/p>\n<p>Les airbags fonctionnent ensemble pour p\u00e9trir et \u00e9tirer les muscles de vos \u00e9paules jusqu&rsquo;\u00e0 votre taille, acc\u00e9l\u00e9rant la circulation sanguine, soulageant la raideur musculaire, permettant une diminution de la tension musculaire et des sentiments de bien-\u00eatre positif.<\/p>\n<p>Id\u00e9al pour la r\u00e9cup\u00e9ration apr\u00e8s un entra\u00eenement sportif, le maintien du bien-\u00eatre et de la r\u00e9cup\u00e9ration des muscles du dos et du haut des cuisses entre les massages, la r\u00e9cup\u00e9ration post-partum, les douleurs musculaires et bien plus encore.<\/p>\n<p>Sa faible hauteur de surface vous permet d&rsquo;\u00e9tirer vos jambes tout en profitant d&rsquo;un soulagement musculaire profond. * P\u00e9trissage, \u00e9tirement musculaire * Technologie 3D de 2e g\u00e9n\u00e9ration * Panneau de commande int\u00e9gr\u00e9.<\/p>\n<\/div>\n","protected":false},"excerpt":{"rendered":"<h2 class=\"hdr -upp -fs14 -m -pam\">Principales caract\u00e9ristiques<\/h2>\n<div class=\"markup -pam\">\n<ul>\n<li>Type de produit : Canap\u00e9 de massage<\/li>\n<li>Type: \u00e9lectrique<\/li>\n<li>Foncitionnalit\u00e9s : Multi-usage<\/li>\n<li>Technique de messagerie : Massage<\/li>\n<li>Masseur corporel \u00e0 vibrations<\/li>\n<\/ul>\n<\/div>\n","protected":false},"featured_media":28923,"comment_status":"open","ping_status":"closed","template":"","meta":{"_joinchat":[]},"product_brand":[],"product_cat":[75,73],"product_tag":[],"class_list":{"0":"post-28922","1":"product","2":"type-product","3":"status-publish","4":"has-post-thumbnail","6":"product_cat-maison-bureau","7":"product_cat-sport","9":"first","10":"instock","11":"sale","12":"shipping-taxable","13":"purchasable","14":"product-type-simple"},"jetpack_sharing_enabled":true,"_links":{"self":[{"href":"https:\/\/rowayad.com\/index.php\/wp-json\/wp\/v2\/product\/28922","targetHints":{"allow":["GET"]}}],"collection":[{"href":"https:\/\/rowayad.com\/index.php\/wp-json\/wp\/v2\/product"}],"about":[{"href":"https:\/\/rowayad.com\/index.php\/wp-json\/wp\/v2\/types\/product"}],"replies":[{"embeddable":true,"href":"https:\/\/rowayad.com\/index.php\/wp-json\/wp\/v2\/comments?post=28922"}],"version-history":[{"count":3,"href":"https:\/\/rowayad.com\/index.php\/wp-json\/wp\/v2\/product\/28922\/revisions"}],"predecessor-version":[{"id":29030,"href":"https:\/\/rowayad.com\/index.php\/wp-json\/wp\/v2\/product\/28922\/revisions\/29030"}],"wp:featuredmedia":[{"embeddable":true,"href":"https:\/\/rowayad.com\/index.php\/wp-json\/wp\/v2\/media\/28923"}],"wp:attachment":[{"href":"https:\/\/rowayad.com\/index.php\/wp-json\/wp\/v2\/media?parent=28922"}],"wp:term":[{"taxonomy":"product_brand","embeddable":true,"href":"https:\/\/rowayad.com\/index.php\/wp-json\/wp\/v2\/product_brand?post=28922"},{"taxonomy":"product_cat","embeddable":true,"href":"https:\/\/rowayad.com\/index.php\/wp-json\/wp\/v2\/product_cat?post=28922"},{"taxonomy":"product_tag","embeddable":true,"href":"https:\/\/rowayad.com\/index.php\/wp-json\/wp\/v2\/product_tag?post=28922"}],"curies":[{"name":"wp","href":"https:\/\/api.w.org\/{rel}","templated":true}]}}