{"id":28929,"date":"2026-03-03T18:04:45","date_gmt":"2026-03-03T18:04:45","guid":{"rendered":"https:\/\/rowayad.com\/?post_type=product&#038;p=28929"},"modified":"2026-04-10T11:00:54","modified_gmt":"2026-04-10T11:00:54","slug":"rangement-de-chaussures-en-plastique-36-paires","status":"publish","type":"product","link":"https:\/\/rowayad.com\/index.php\/produit\/rangement-de-chaussures-en-plastique-36-paires\/","title":{"rendered":"Rangement de Chaussures en plastique 36 paires"},"content":{"rendered":"<header class=\"-pvs -bb\">\n<h2 class=\"-fs20 -m -phm -pvxs\">D\u00e9tails<\/h2>\n<\/header>\n<div class=\"markup -mhm -pvl -oxa -sc\">Sp\u00e9cification<br \/>\nDimension avec cloison: 40 x 30 x 15cm<br \/>\n<b>Dimension sans cloison: 40 x 30 x 30cm<br \/>\nDimension totale mont\u00e9e: 120 x 30 x 120cm (L*W*H)<\/b><br \/>\nPanneaux en PP plastique, encadr\u00e9es par le fil en fer, clips de fixation en ABS, ils assurent la bonne r\u00e9sistance et la bonne charge de chaque cube (10 kg au plus)<br \/>\nStructure simple, cette armoire est d&rsquo;un montage tr\u00e8s simple<br \/>\nMontage personnalis\u00e9, les cubes peuvent \u00eatre utilis\u00e9s s\u00e9par\u00e9ment ou empil\u00e9s et combin\u00e9s<br \/>\nR\u00e9sistant \u00e0 l&rsquo;humidit\u00e9, \u00e0 la moisissure et \u00e0 la poussi\u00e8re, les plaques en plastique sont faciles \u00e0 nettoyer. Pour l&rsquo;entretien quotidien, vous pouvez les essuyez avec un chiffon mouill\u00e9Remarque<br \/>\nLes pi\u00e8ces fournies sont suffisantes pour monter une forme en photo, pour des formes complexes, il peut manquer des pi\u00e8ces<br \/>\nPour attacher les plaques, assurez-vous que tous les coins de chaque plaque soient ins\u00e9r\u00e9s dans le plus profond de la pi\u00e8ce de fixation. Une fois que vous avez fini d&rsquo;installer un \u00e9tage, pressez les pi\u00e8ces de fixation pour r\u00e9duire les fentes et renforcer la stabilit\u00e9.<br \/>\nToutes les plaques sont en plastique de faible rigidit\u00e9, le stockage des objets lourds comme livres, halt\u00e8res, etc. dans l&rsquo;armoire n&rsquo;est pas recommand\u00e9<\/div>\n","protected":false},"excerpt":{"rendered":"<h2 class=\"hdr -upp -fs14 -m -pam\">Principales caract\u00e9ristiques<\/h2>\n<div class=\"markup -pam\">\n<ul>\n<li>Armoire chaussures 9 Cubes<\/li>\n<li>Porte transparente, trouver facilement vos chaussures<\/li>\n<li>Grand volume de rangement<\/li>\n<li>Montage et d\u00e9montage simple et facile<\/li>\n<li>Facile \u00e0 maintenir et nettoyer<\/li>\n<li>Fait de mat\u00e9riaux \u00e9cologique PP<\/li>\n<\/ul>\n<\/div>\n","protected":false},"featured_media":28930,"comment_status":"open","ping_status":"closed","template":"","meta":{"_joinchat":[]},"product_brand":[],"product_cat":[20,75],"product_tag":[],"class_list":{"0":"post-28929","1":"product","2":"type-product","3":"status-publish","4":"has-post-thumbnail","6":"product_cat-accessoires","7":"product_cat-maison-bureau","9":"first","10":"instock","11":"sale","12":"shipping-taxable","13":"purchasable","14":"product-type-simple"},"jetpack_sharing_enabled":true,"_links":{"self":[{"href":"https:\/\/rowayad.com\/index.php\/wp-json\/wp\/v2\/product\/28929","targetHints":{"allow":["GET"]}}],"collection":[{"href":"https:\/\/rowayad.com\/index.php\/wp-json\/wp\/v2\/product"}],"about":[{"href":"https:\/\/rowayad.com\/index.php\/wp-json\/wp\/v2\/types\/product"}],"replies":[{"embeddable":true,"href":"https:\/\/rowayad.com\/index.php\/wp-json\/wp\/v2\/comments?post=28929"}],"version-history":[{"count":3,"href":"https:\/\/rowayad.com\/index.php\/wp-json\/wp\/v2\/product\/28929\/revisions"}],"predecessor-version":[{"id":29137,"href":"https:\/\/rowayad.com\/index.php\/wp-json\/wp\/v2\/product\/28929\/revisions\/29137"}],"wp:featuredmedia":[{"embeddable":true,"href":"https:\/\/rowayad.com\/index.php\/wp-json\/wp\/v2\/media\/28930"}],"wp:attachment":[{"href":"https:\/\/rowayad.com\/index.php\/wp-json\/wp\/v2\/media?parent=28929"}],"wp:term":[{"taxonomy":"product_brand","embeddable":true,"href":"https:\/\/rowayad.com\/index.php\/wp-json\/wp\/v2\/product_brand?post=28929"},{"taxonomy":"product_cat","embeddable":true,"href":"https:\/\/rowayad.com\/index.php\/wp-json\/wp\/v2\/product_cat?post=28929"},{"taxonomy":"product_tag","embeddable":true,"href":"https:\/\/rowayad.com\/index.php\/wp-json\/wp\/v2\/product_tag?post=28929"}],"curies":[{"name":"wp","href":"https:\/\/api.w.org\/{rel}","templated":true}]}}