{"id":28938,"date":"2026-03-06T14:49:23","date_gmt":"2026-03-06T14:49:23","guid":{"rendered":"https:\/\/rowayad.com\/?post_type=product&#038;p=28938"},"modified":"2026-03-17T20:08:45","modified_gmt":"2026-03-17T20:08:45","slug":"lot-de-couvert-dore-175-pieces-assiette-en-melamine-fourchette-couteaux-grands-cuilliere-petites-cuillieres","status":"publish","type":"product","link":"https:\/\/rowayad.com\/index.php\/produit\/lot-de-couvert-dore-175-pieces-assiette-en-melamine-fourchette-couteaux-grands-cuilliere-petites-cuillieres\/","title":{"rendered":"Lot de couvert dor\u00e9 : 175 Pieces Assiette en melamine + fourchette , couteaux , grands cuilliere petites cuillieres"},"content":{"rendered":"<h2>Description<\/h2>\n<p><strong>Assiettes<\/strong>\u00a0de\u00a0<strong>service<\/strong>\u00a0en plastique acrylique octogonales or m\u00e9tallis\u00e9, assiettes de service d\u00e9coratives de 13&Prime; avec bordure g\u00e9om\u00e9trique creuse<\/p>\n<p>Offrez-vous l&rsquo;incarnation de la sophistication moderne avec nos\u00a0<strong>assiettes<\/strong>\u00a0de service en plastique acrylique octogonales or m\u00e9tallis\u00e9. Ces assiettes de service d\u00e9coratives ne sont pas seulement fonctionnelles, elles sont un chef-d&rsquo;\u0153uvre visuel con\u00e7u pour faire de votre table \u00e0 manger le point central de tout \u00e9v\u00e9nement. Fabriqu\u00e9es avec pr\u00e9cision et une passion pour le design \u00e9l\u00e9gant, ces assiettes de pr\u00e9sentation sont parfaites pour ceux qui appr\u00e9cient l&rsquo;unicit\u00e9 et une touche de flair contemporain<\/p>\n","protected":false},"excerpt":{"rendered":"<h2>Principales caract\u00e9ristiques<\/h2>\n<ul>\n<li>Id\u00e9al pour toutes les occasions \u2013 D\u00eeners en famille, r\u00e9ceptions, mariages, anniversaires ou repas quotidiens.<\/li>\n<li>Un cadeau parfait \u2013 Offrez ce service de table \u00e0 vos proches pour un mariage, une pendaison de cr\u00e9maill\u00e8re ou toute autre occasion sp\u00e9ciale.<\/li>\n<li>Un style unique et tendance \u2013 Apportez une touche d&rsquo;originalit\u00e9 et d\u2019\u00e9l\u00e9gance \u00e0 votre table avec ce design tropical chic.<\/li>\n<li>Assiettes plates \u2013 Id\u00e9ales pour vos plats principaux.<\/li>\n<li>Assiettes creuses \u2013 Parfaites pour soupes, p\u00e2tes et plats en sauce.<\/li>\n<li>Bols \u00e9l\u00e9gants \u2013 Pour les entr\u00e9es, desserts ou c\u00e9r\u00e9ales du matin.<\/li>\n<li>\u00a0Fourchettes dor\u00e9es \u2013 Avec un design raffin\u00e9 pour une prise en main agr\u00e9able.<\/li>\n<li>Cuill\u00e8res dor\u00e9es \u2013 \u00c9l\u00e9gantes et fonctionnelles pour tous types de repas.<\/li>\n<li>Couteaux dor\u00e9s \u2013 Avec une finition impeccable pour une d\u00e9coupe efficace.<\/li>\n<\/ul>\n","protected":false},"featured_media":28941,"comment_status":"open","ping_status":"closed","template":"","meta":{"_joinchat":[]},"product_brand":[],"product_cat":[75],"product_tag":[],"class_list":{"0":"post-28938","1":"product","2":"type-product","3":"status-publish","4":"has-post-thumbnail","6":"product_cat-maison-bureau","8":"first","9":"instock","10":"sale","11":"shipping-taxable","12":"purchasable","13":"product-type-simple"},"jetpack_sharing_enabled":true,"_links":{"self":[{"href":"https:\/\/rowayad.com\/index.php\/wp-json\/wp\/v2\/product\/28938","targetHints":{"allow":["GET"]}}],"collection":[{"href":"https:\/\/rowayad.com\/index.php\/wp-json\/wp\/v2\/product"}],"about":[{"href":"https:\/\/rowayad.com\/index.php\/wp-json\/wp\/v2\/types\/product"}],"replies":[{"embeddable":true,"href":"https:\/\/rowayad.com\/index.php\/wp-json\/wp\/v2\/comments?post=28938"}],"version-history":[{"count":1,"href":"https:\/\/rowayad.com\/index.php\/wp-json\/wp\/v2\/product\/28938\/revisions"}],"predecessor-version":[{"id":28942,"href":"https:\/\/rowayad.com\/index.php\/wp-json\/wp\/v2\/product\/28938\/revisions\/28942"}],"wp:featuredmedia":[{"embeddable":true,"href":"https:\/\/rowayad.com\/index.php\/wp-json\/wp\/v2\/media\/28941"}],"wp:attachment":[{"href":"https:\/\/rowayad.com\/index.php\/wp-json\/wp\/v2\/media?parent=28938"}],"wp:term":[{"taxonomy":"product_brand","embeddable":true,"href":"https:\/\/rowayad.com\/index.php\/wp-json\/wp\/v2\/product_brand?post=28938"},{"taxonomy":"product_cat","embeddable":true,"href":"https:\/\/rowayad.com\/index.php\/wp-json\/wp\/v2\/product_cat?post=28938"},{"taxonomy":"product_tag","embeddable":true,"href":"https:\/\/rowayad.com\/index.php\/wp-json\/wp\/v2\/product_tag?post=28938"}],"curies":[{"name":"wp","href":"https:\/\/api.w.org\/{rel}","templated":true}]}}