{"id":28943,"date":"2026-03-06T15:08:21","date_gmt":"2026-03-06T15:08:21","guid":{"rendered":"https:\/\/rowayad.com\/?post_type=product&#038;p=28943"},"modified":"2026-04-10T10:59:11","modified_gmt":"2026-04-10T10:59:11","slug":"barbecue-en-acier-avec-2-roues-noir-rouge","status":"publish","type":"product","link":"https:\/\/rowayad.com\/index.php\/produit\/barbecue-en-acier-avec-2-roues-noir-rouge\/","title":{"rendered":"Barbecue &#8211; En Acier &#8211; Avec 2 Roues &#8211; Noir-Rouge"},"content":{"rendered":"<header class=\"-pvs -bb\">\n<h2 class=\"-fs20 -m -phm -pvxs\" style=\"text-align: left;\">D\u00e9tails<\/h2>\n<\/header>\n<div class=\"markup -mhm -pvl -oxa -sc\">Barbecue de luxe en acier sur pied Vaggan. Le barbecue dispose de 2 poign\u00e9es pour faciliter son transport. Le barbecue fonctionne avec des charbons de bois. Accessoires: un pare-vent, une grille de cuisson, une demi grille de stockage, un bac \u00e0 charbon avec cendrier et une pelle.Profitez du beau temps et du grand air durant vos repas en famille ou entre amis. Rien de tel qu&rsquo;un\u00a0<b>barbecue\u00a0<\/b>pour des grillades bien saisies, des brochettes savoureuses et une grosse dose de bonne humeur. Barbecue \u00e9lectrique compact portable en acier \u00e9maill\u00e9 robuste, est portable partout avec vous, grille et cuvette en \u00e9maille avec fentes d&rsquo;a\u00e9ration.<\/div>\n","protected":false},"excerpt":{"rendered":"<h2 class=\"hdr -upp -fs14 -m -pam\">Principales caract\u00e9ristiques<\/h2>\n<div class=\"markup -pam\">\n<ol>\n<li>Design l\u00e9ger<\/li>\n<li>Charbon<\/li>\n<li>Se ferme. Pour pr\u00e9server la. Nourriture<\/li>\n<li>Pratique avec des a\u00e9rations<\/li>\n<\/ol>\n<\/div>\n","protected":false},"featured_media":28944,"comment_status":"open","ping_status":"closed","template":"","meta":{"_joinchat":[]},"product_brand":[],"product_cat":[74,75],"product_tag":[],"class_list":{"0":"post-28943","1":"product","2":"type-product","3":"status-publish","4":"has-post-thumbnail","6":"product_cat-electromenager","7":"product_cat-maison-bureau","9":"first","10":"instock","11":"sale","12":"shipping-taxable","13":"purchasable","14":"product-type-simple"},"jetpack_sharing_enabled":true,"_links":{"self":[{"href":"https:\/\/rowayad.com\/index.php\/wp-json\/wp\/v2\/product\/28943","targetHints":{"allow":["GET"]}}],"collection":[{"href":"https:\/\/rowayad.com\/index.php\/wp-json\/wp\/v2\/product"}],"about":[{"href":"https:\/\/rowayad.com\/index.php\/wp-json\/wp\/v2\/types\/product"}],"replies":[{"embeddable":true,"href":"https:\/\/rowayad.com\/index.php\/wp-json\/wp\/v2\/comments?post=28943"}],"version-history":[{"count":2,"href":"https:\/\/rowayad.com\/index.php\/wp-json\/wp\/v2\/product\/28943\/revisions"}],"predecessor-version":[{"id":29136,"href":"https:\/\/rowayad.com\/index.php\/wp-json\/wp\/v2\/product\/28943\/revisions\/29136"}],"wp:featuredmedia":[{"embeddable":true,"href":"https:\/\/rowayad.com\/index.php\/wp-json\/wp\/v2\/media\/28944"}],"wp:attachment":[{"href":"https:\/\/rowayad.com\/index.php\/wp-json\/wp\/v2\/media?parent=28943"}],"wp:term":[{"taxonomy":"product_brand","embeddable":true,"href":"https:\/\/rowayad.com\/index.php\/wp-json\/wp\/v2\/product_brand?post=28943"},{"taxonomy":"product_cat","embeddable":true,"href":"https:\/\/rowayad.com\/index.php\/wp-json\/wp\/v2\/product_cat?post=28943"},{"taxonomy":"product_tag","embeddable":true,"href":"https:\/\/rowayad.com\/index.php\/wp-json\/wp\/v2\/product_tag?post=28943"}],"curies":[{"name":"wp","href":"https:\/\/api.w.org\/{rel}","templated":true}]}}