{"id":28948,"date":"2026-03-07T11:00:40","date_gmt":"2026-03-07T11:00:40","guid":{"rendered":"https:\/\/rowayad.com\/?post_type=product&#038;p=28948"},"modified":"2026-03-17T20:08:08","modified_gmt":"2026-03-17T20:08:08","slug":"lampe-solaire-de-haute-qualite","status":"publish","type":"product","link":"https:\/\/rowayad.com\/index.php\/produit\/lampe-solaire-de-haute-qualite\/","title":{"rendered":"LAMPE SOLAIRE DE HAUTE QUALIT\u00c9"},"content":{"rendered":"","protected":false},"excerpt":{"rendered":"<p>Il s&rsquo;agit d&rsquo;un lampadaire solaire LED Zere de 400 W, con\u00e7u pour l&rsquo;\u00e9clairage ext\u00e9rieur autonome.<\/p>\n<p>Puissance et \u00c9clairage : \u00c9quip\u00e9 d&rsquo;une LED de 400 W avec une luminosit\u00e9 augment\u00e9e de 90%.<br \/>\nTechnologie :<\/p>\n<p>Fonctionnement solaire sans \u00e9lectricit\u00e9, incluant un contr\u00f4le intelligent de la lumi\u00e8re et une t\u00e9l\u00e9commande sans fil.<br \/>\nDurabilit\u00e9 : \u00c9tanch\u00e9it\u00e9 IP67 pour r\u00e9sister aux intemp\u00e9ries et une longue dur\u00e9e de vie de 50 000 heures.<br \/>\nInstallation: Adapt\u00e9 pour les balcons, jardins, parcs, campings et rues.<\/p>\n","protected":false},"featured_media":28950,"comment_status":"open","ping_status":"closed","template":"","meta":{"_joinchat":[]},"product_brand":[],"product_cat":[20,75],"product_tag":[],"class_list":{"0":"post-28948","1":"product","2":"type-product","3":"status-publish","4":"has-post-thumbnail","6":"product_cat-accessoires","7":"product_cat-maison-bureau","9":"first","10":"instock","11":"sale","12":"shipping-taxable","13":"purchasable","14":"product-type-simple"},"jetpack_sharing_enabled":true,"_links":{"self":[{"href":"https:\/\/rowayad.com\/index.php\/wp-json\/wp\/v2\/product\/28948","targetHints":{"allow":["GET"]}}],"collection":[{"href":"https:\/\/rowayad.com\/index.php\/wp-json\/wp\/v2\/product"}],"about":[{"href":"https:\/\/rowayad.com\/index.php\/wp-json\/wp\/v2\/types\/product"}],"replies":[{"embeddable":true,"href":"https:\/\/rowayad.com\/index.php\/wp-json\/wp\/v2\/comments?post=28948"}],"version-history":[{"count":4,"href":"https:\/\/rowayad.com\/index.php\/wp-json\/wp\/v2\/product\/28948\/revisions"}],"predecessor-version":[{"id":28957,"href":"https:\/\/rowayad.com\/index.php\/wp-json\/wp\/v2\/product\/28948\/revisions\/28957"}],"wp:featuredmedia":[{"embeddable":true,"href":"https:\/\/rowayad.com\/index.php\/wp-json\/wp\/v2\/media\/28950"}],"wp:attachment":[{"href":"https:\/\/rowayad.com\/index.php\/wp-json\/wp\/v2\/media?parent=28948"}],"wp:term":[{"taxonomy":"product_brand","embeddable":true,"href":"https:\/\/rowayad.com\/index.php\/wp-json\/wp\/v2\/product_brand?post=28948"},{"taxonomy":"product_cat","embeddable":true,"href":"https:\/\/rowayad.com\/index.php\/wp-json\/wp\/v2\/product_cat?post=28948"},{"taxonomy":"product_tag","embeddable":true,"href":"https:\/\/rowayad.com\/index.php\/wp-json\/wp\/v2\/product_tag?post=28948"}],"curies":[{"name":"wp","href":"https:\/\/api.w.org\/{rel}","templated":true}]}}