{"id":28990,"date":"2026-03-18T15:32:04","date_gmt":"2026-03-18T15:32:04","guid":{"rendered":"https:\/\/rowayad.com\/?post_type=product&#038;p=28990"},"modified":"2026-04-10T10:57:17","modified_gmt":"2026-04-10T10:57:17","slug":"partagez-ce-produit-genetic-matelas-gonflable-gonfleur-integre-taille-200-x-150-x-40-cm","status":"publish","type":"product","link":"https:\/\/rowayad.com\/index.php\/produit\/partagez-ce-produit-genetic-matelas-gonflable-gonfleur-integre-taille-200-x-150-x-40-cm\/","title":{"rendered":"Genetic Matelas Gonflable + Gonfleur Integr\u00e9 Taille 200 X 150 X 40 CM"},"content":{"rendered":"<p>lit\u00a0<strong>gonflable\u00a0<\/strong>et gonfleur int\u00e9gr\u00e9s intex\u00a0<strong>bleu marine<\/strong><br \/>\nlit gonflable avec oreiller et gonfleur int\u00e9gr\u00e9s : super stable et confortable (gr\u00e2ce au cloisonnement du matelas) pour un couchage d&rsquo;appoint de grande qualit\u00e9 !<\/p>\n","protected":false},"excerpt":{"rendered":"<ul>\n<li>Taille 200 X 150 X 40 CM<\/li>\n<li>Lit gonflable avec oreiller<\/li>\n<li>Super stable et confortable<\/li>\n<li>Vinyle floqu\u00e9 nylon.<\/li>\n<li>Gonfleur int\u00e9gr\u00e9<\/li>\n<li>D\u00e9gonflage rapide<\/li>\n<li>Couleurs : Beige<\/li>\n<\/ul>\n","protected":false},"featured_media":28993,"comment_status":"open","ping_status":"closed","template":"","meta":{"_joinchat":[]},"product_brand":[],"product_cat":[75],"product_tag":[],"class_list":{"0":"post-28990","1":"product","2":"type-product","3":"status-publish","4":"has-post-thumbnail","6":"product_cat-maison-bureau","8":"first","9":"instock","10":"sale","11":"shipping-taxable","12":"purchasable","13":"product-type-simple"},"jetpack_sharing_enabled":true,"_links":{"self":[{"href":"https:\/\/rowayad.com\/index.php\/wp-json\/wp\/v2\/product\/28990","targetHints":{"allow":["GET"]}}],"collection":[{"href":"https:\/\/rowayad.com\/index.php\/wp-json\/wp\/v2\/product"}],"about":[{"href":"https:\/\/rowayad.com\/index.php\/wp-json\/wp\/v2\/types\/product"}],"replies":[{"embeddable":true,"href":"https:\/\/rowayad.com\/index.php\/wp-json\/wp\/v2\/comments?post=28990"}],"version-history":[{"count":2,"href":"https:\/\/rowayad.com\/index.php\/wp-json\/wp\/v2\/product\/28990\/revisions"}],"predecessor-version":[{"id":28995,"href":"https:\/\/rowayad.com\/index.php\/wp-json\/wp\/v2\/product\/28990\/revisions\/28995"}],"wp:featuredmedia":[{"embeddable":true,"href":"https:\/\/rowayad.com\/index.php\/wp-json\/wp\/v2\/media\/28993"}],"wp:attachment":[{"href":"https:\/\/rowayad.com\/index.php\/wp-json\/wp\/v2\/media?parent=28990"}],"wp:term":[{"taxonomy":"product_brand","embeddable":true,"href":"https:\/\/rowayad.com\/index.php\/wp-json\/wp\/v2\/product_brand?post=28990"},{"taxonomy":"product_cat","embeddable":true,"href":"https:\/\/rowayad.com\/index.php\/wp-json\/wp\/v2\/product_cat?post=28990"},{"taxonomy":"product_tag","embeddable":true,"href":"https:\/\/rowayad.com\/index.php\/wp-json\/wp\/v2\/product_tag?post=28990"}],"curies":[{"name":"wp","href":"https:\/\/api.w.org\/{rel}","templated":true}]}}