{"id":29011,"date":"2026-03-18T17:18:18","date_gmt":"2026-03-18T17:18:18","guid":{"rendered":"https:\/\/rowayad.com\/?post_type=product&#038;p=29011"},"modified":"2026-04-10T10:54:12","modified_gmt":"2026-04-10T10:54:12","slug":"coussin-masseur-chauffant-pour-voiture-douleur-au-cou-plaquette-de-soutien-lombaire-2","status":"publish","type":"product","link":"https:\/\/rowayad.com\/index.php\/produit\/coussin-masseur-chauffant-pour-voiture-douleur-au-cou-plaquette-de-soutien-lombaire-2\/","title":{"rendered":"Coussin Masseur Chauffant Pour Voiture &#8211; Douleur au cou &#8211; Plaquette de soutien lombaire"},"content":{"rendered":"<p>Le\u00a0<b>coussin<\/b>\u00a0de si\u00e8ge chauffant \u00e0 trois niveaux de temp\u00e9rature emp\u00eache l&rsquo;attaque du froid en hiver. Un cadeau de r\u00e9chauffement pour votre hiver \u00e0 venirCe produit peut vous aider \u00e0 avoir\u00a0 toutes les parties du\u00a0<b>massage<\/b>\u00a0corporel, \u00e0 soulager la fatigue, les tensions musculaires,\u00a0la pression et \u00e0 vous redonner\u00a01. Haute qualit\u00e9 et confortable2. design Untra thin, facile \u00e0 transporter3. 8 types de modes de massage, imiter la manipulation de massage du masseur4. 3 intensit\u00e9 pour choisir, actionn\u00e9 par le contr\u00f4leur5. Fonction de chauffage, compresse chaude6. Massage \u00e0 cloison \u00e0 positionnement fixe7. Adaptateurs CA et CC pour la maison, l&rsquo;automobile et le bureau8. Une vari\u00e9t\u00e9 de techniques de massage, telles que le grattage, le battage, le p\u00e9trissage, le martelage, le pressage, le roulement et la vibration<\/p>\n","protected":false},"excerpt":{"rendered":"<ul>\n<li>La couleur noire<\/li>\n<li>Puissance: 12v<\/li>\n<li>Mode de massage: 8 sortes<\/li>\n<li>Taille: 115cm * 49cm<\/li>\n<li>Fonction de chronom\u00e9trage: 15\/30 minutes<\/li>\n<li>Untra mince design, facile \u00e0 transporter<\/li>\n<li>Fonction de chauffage, compresse chaude<\/li>\n<li>Massage \u00e0 cloison \u00e0 positionnement fixe<\/li>\n<li>VENDU AVEC LE PRODUIT<\/li>\n<li>1 x tapis de massage pour voiture<\/li>\n<li>1 x chargeur de voiture<\/li>\n<li>1 x adaptateur d&rsquo;alimentation<\/li>\n<\/ul>\n","protected":false},"featured_media":29016,"comment_status":"open","ping_status":"closed","template":"","meta":{"_joinchat":[]},"product_brand":[],"product_cat":[74,75,73],"product_tag":[],"class_list":{"0":"post-29011","1":"product","2":"type-product","3":"status-publish","4":"has-post-thumbnail","6":"product_cat-electromenager","7":"product_cat-maison-bureau","8":"product_cat-sport","10":"first","11":"instock","12":"sale","13":"shipping-taxable","14":"purchasable","15":"product-type-simple"},"jetpack_sharing_enabled":true,"_links":{"self":[{"href":"https:\/\/rowayad.com\/index.php\/wp-json\/wp\/v2\/product\/29011","targetHints":{"allow":["GET"]}}],"collection":[{"href":"https:\/\/rowayad.com\/index.php\/wp-json\/wp\/v2\/product"}],"about":[{"href":"https:\/\/rowayad.com\/index.php\/wp-json\/wp\/v2\/types\/product"}],"replies":[{"embeddable":true,"href":"https:\/\/rowayad.com\/index.php\/wp-json\/wp\/v2\/comments?post=29011"}],"version-history":[{"count":1,"href":"https:\/\/rowayad.com\/index.php\/wp-json\/wp\/v2\/product\/29011\/revisions"}],"predecessor-version":[{"id":29017,"href":"https:\/\/rowayad.com\/index.php\/wp-json\/wp\/v2\/product\/29011\/revisions\/29017"}],"wp:featuredmedia":[{"embeddable":true,"href":"https:\/\/rowayad.com\/index.php\/wp-json\/wp\/v2\/media\/29016"}],"wp:attachment":[{"href":"https:\/\/rowayad.com\/index.php\/wp-json\/wp\/v2\/media?parent=29011"}],"wp:term":[{"taxonomy":"product_brand","embeddable":true,"href":"https:\/\/rowayad.com\/index.php\/wp-json\/wp\/v2\/product_brand?post=29011"},{"taxonomy":"product_cat","embeddable":true,"href":"https:\/\/rowayad.com\/index.php\/wp-json\/wp\/v2\/product_cat?post=29011"},{"taxonomy":"product_tag","embeddable":true,"href":"https:\/\/rowayad.com\/index.php\/wp-json\/wp\/v2\/product_tag?post=29011"}],"curies":[{"name":"wp","href":"https:\/\/api.w.org\/{rel}","templated":true}]}}