{"id":29018,"date":"2026-03-18T17:55:07","date_gmt":"2026-03-18T17:55:07","guid":{"rendered":"https:\/\/rowayad.com\/?post_type=product&#038;p=29018"},"modified":"2026-04-10T10:53:33","modified_gmt":"2026-04-10T10:53:33","slug":"meuble-de-rangement-vitrine-moderne","status":"publish","type":"product","link":"https:\/\/rowayad.com\/index.php\/produit\/meuble-de-rangement-vitrine-moderne\/","title":{"rendered":"Meuble de rangement &#8211; Vitrine moderne"},"content":{"rendered":"<p data-start=\"125\" data-end=\"363\">Apportez une touche d\u2019\u00e9l\u00e9gance et de modernit\u00e9 \u00e0 votre int\u00e9rieur avec ce magnifique meuble de rangement au design chic et \u00e9pur\u00e9. Id\u00e9al pour le salon, la salle \u00e0 manger ou m\u00eame la cuisine, il allie parfaitement <strong data-start=\"335\" data-end=\"362\">esth\u00e9tique et praticit\u00e9<\/strong>.<\/p>\n<p data-start=\"365\" data-end=\"570\">Gr\u00e2ce \u00e0 ses vitrines en verre, il met en valeur votre vaisselle, vos objets d\u00e9co ou vos accessoires tout en les prot\u00e9geant de la poussi\u00e8re. Ses tiroirs spacieux permettent un rangement organis\u00e9 et discret.<\/p>\n<p data-start=\"572\" data-end=\"646\">Un meuble parfait pour cr\u00e9er un espace <strong data-start=\"611\" data-end=\"645\">propre, raffin\u00e9 et fonctionnel<\/strong>.<\/p>\n","protected":false},"excerpt":{"rendered":"<ul>\n<li data-section-id=\"1t6ffcc\" data-start=\"681\" data-end=\"705\">\n<p data-start=\"683\" data-end=\"705\"><strong data-start=\"683\" data-end=\"696\">Hauteur :<\/strong> 1,40 m<\/p>\n<\/li>\n<li data-section-id=\"i2p1ls\" data-start=\"706\" data-end=\"729\">\n<p data-start=\"708\" data-end=\"729\"><strong data-start=\"708\" data-end=\"721\">Largeur :<\/strong> 60 cm<\/p>\n<\/li>\n<li data-section-id=\"15gpzp2\" data-start=\"730\" data-end=\"756\">\n<p data-start=\"732\" data-end=\"756\"><strong data-start=\"732\" data-end=\"748\">Profondeur :<\/strong> 35 cm<\/p>\n<\/li>\n<li data-section-id=\"1l1jpd8\" data-start=\"758\" data-end=\"813\">\n<p data-start=\"760\" data-end=\"813\"><strong data-start=\"760\" data-end=\"770\">Type :<\/strong> Meuble de rangement \/ vaisselier moderne<\/p>\n<\/li>\n<li data-section-id=\"1wyqvfc\" data-start=\"814\" data-end=\"856\">\n<p data-start=\"816\" data-end=\"856\"><strong data-start=\"816\" data-end=\"829\">Couleur :<\/strong> Blanc avec vitres fum\u00e9es<\/p>\n<\/li>\n<li data-section-id=\"1o3aq0w\" data-start=\"857\" data-end=\"900\">\n<p data-start=\"859\" data-end=\"900\"><strong data-start=\"859\" data-end=\"874\">Structure :<\/strong> Bois robuste et durable<\/p>\n<\/li>\n<li data-section-id=\"1udzy3o\" data-start=\"901\" data-end=\"960\">\n<p data-start=\"903\" data-end=\"960\"><strong data-start=\"903\" data-end=\"915\">Portes :<\/strong> 2 portes vitr\u00e9es (id\u00e9ales pour exposition)<\/p>\n<\/li>\n<li data-section-id=\"106s4em\" data-start=\"961\" data-end=\"1039\">\n<p data-start=\"963\" data-end=\"978\"><strong data-start=\"963\" data-end=\"978\">Rangement :<\/strong><\/p>\n<ul data-start=\"981\" data-end=\"1039\">\n<li data-section-id=\"11hhjhe\" data-start=\"981\" data-end=\"1014\">\n<p data-start=\"983\" data-end=\"1014\">2 compartiments avec \u00e9tag\u00e8res<\/p>\n<\/li>\n<li data-section-id=\"1pytq8j\" data-start=\"1017\" data-end=\"1039\">\n<p data-start=\"1019\" data-end=\"1039\">3 tiroirs spacieux<\/p>\n<\/li>\n<\/ul>\n<\/li>\n<\/ul>\n","protected":false},"featured_media":29021,"comment_status":"open","ping_status":"closed","template":"","meta":{"_joinchat":[]},"product_brand":[],"product_cat":[75],"product_tag":[],"class_list":{"0":"post-29018","1":"product","2":"type-product","3":"status-publish","4":"has-post-thumbnail","6":"product_cat-maison-bureau","8":"first","9":"instock","10":"sale","11":"shipping-taxable","12":"purchasable","13":"product-type-simple"},"jetpack_sharing_enabled":true,"_links":{"self":[{"href":"https:\/\/rowayad.com\/index.php\/wp-json\/wp\/v2\/product\/29018","targetHints":{"allow":["GET"]}}],"collection":[{"href":"https:\/\/rowayad.com\/index.php\/wp-json\/wp\/v2\/product"}],"about":[{"href":"https:\/\/rowayad.com\/index.php\/wp-json\/wp\/v2\/types\/product"}],"replies":[{"embeddable":true,"href":"https:\/\/rowayad.com\/index.php\/wp-json\/wp\/v2\/comments?post=29018"}],"version-history":[{"count":2,"href":"https:\/\/rowayad.com\/index.php\/wp-json\/wp\/v2\/product\/29018\/revisions"}],"predecessor-version":[{"id":29024,"href":"https:\/\/rowayad.com\/index.php\/wp-json\/wp\/v2\/product\/29018\/revisions\/29024"}],"wp:featuredmedia":[{"embeddable":true,"href":"https:\/\/rowayad.com\/index.php\/wp-json\/wp\/v2\/media\/29021"}],"wp:attachment":[{"href":"https:\/\/rowayad.com\/index.php\/wp-json\/wp\/v2\/media?parent=29018"}],"wp:term":[{"taxonomy":"product_brand","embeddable":true,"href":"https:\/\/rowayad.com\/index.php\/wp-json\/wp\/v2\/product_brand?post=29018"},{"taxonomy":"product_cat","embeddable":true,"href":"https:\/\/rowayad.com\/index.php\/wp-json\/wp\/v2\/product_cat?post=29018"},{"taxonomy":"product_tag","embeddable":true,"href":"https:\/\/rowayad.com\/index.php\/wp-json\/wp\/v2\/product_tag?post=29018"}],"curies":[{"name":"wp","href":"https:\/\/api.w.org\/{rel}","templated":true}]}}