{"id":29031,"date":"2026-03-19T16:32:47","date_gmt":"2026-03-19T16:32:47","guid":{"rendered":"https:\/\/rowayad.com\/?post_type=product&#038;p=29031"},"modified":"2026-04-10T10:51:42","modified_gmt":"2026-04-10T10:51:42","slug":"6-tasses-verre-a-cafe","status":"publish","type":"product","link":"https:\/\/rowayad.com\/index.php\/produit\/6-tasses-verre-a-cafe\/","title":{"rendered":"6 tasses Verre \u00e0 caf\u00e9"},"content":{"rendered":"<p>Mat\u00e9riel: Verre de haute qualit\u00e9<\/p>\n<p>Design et style : bord dor\u00e9 \u00e9l\u00e9gant, versez un look sophistiqu\u00e9<\/p>\n<p>Type et cat\u00e9gorie : Tasses \u00e0 caf\u00e9 en verre, cat\u00e9gorie Mugs<\/p>\n<p>Quantit\u00e9 : 1 tasse, 1 assiette, ensemble complet<\/p>\n<p>Taille : Con\u00e7u pour un confort optimal, comme indiqu\u00e9 sur l&rsquo;image<\/p>\n<p>Performance et propri\u00e9t\u00e9 : R\u00e9sistant \u00e0 la chaleur, maintient la temp\u00e9rature du liquide<\/p>\n<p>Accessoires : Comprend une assiette et une tasse<\/p>\n","protected":false},"excerpt":{"rendered":"<ol>\n<li>Ensemble de tasses \u00e0 caf\u00e9 en verre \u00e0 bord dor\u00e9,<\/li>\n<li>Tasse \u00e0 th\u00e9 r\u00e9sistante \u00e0 la chaleur,<\/li>\n<li>6 tasses pour le th\u00e9 ou le caf\u00e9 de l&rsquo;apr\u00e8s-midi,<\/li>\n<li>6 sous tasses<\/li>\n<li>Pour couple d&rsquo;amoureux,<\/li>\n<li>standardisation<\/li>\n<\/ol>\n","protected":false},"featured_media":29033,"comment_status":"open","ping_status":"closed","template":"","meta":{"_joinchat":[]},"product_brand":[],"product_cat":[75],"product_tag":[],"class_list":{"0":"post-29031","1":"product","2":"type-product","3":"status-publish","4":"has-post-thumbnail","6":"product_cat-maison-bureau","8":"first","9":"instock","10":"sale","11":"shipping-taxable","12":"purchasable","13":"product-type-simple"},"jetpack_sharing_enabled":true,"_links":{"self":[{"href":"https:\/\/rowayad.com\/index.php\/wp-json\/wp\/v2\/product\/29031","targetHints":{"allow":["GET"]}}],"collection":[{"href":"https:\/\/rowayad.com\/index.php\/wp-json\/wp\/v2\/product"}],"about":[{"href":"https:\/\/rowayad.com\/index.php\/wp-json\/wp\/v2\/types\/product"}],"replies":[{"embeddable":true,"href":"https:\/\/rowayad.com\/index.php\/wp-json\/wp\/v2\/comments?post=29031"}],"version-history":[{"count":1,"href":"https:\/\/rowayad.com\/index.php\/wp-json\/wp\/v2\/product\/29031\/revisions"}],"predecessor-version":[{"id":29034,"href":"https:\/\/rowayad.com\/index.php\/wp-json\/wp\/v2\/product\/29031\/revisions\/29034"}],"wp:featuredmedia":[{"embeddable":true,"href":"https:\/\/rowayad.com\/index.php\/wp-json\/wp\/v2\/media\/29033"}],"wp:attachment":[{"href":"https:\/\/rowayad.com\/index.php\/wp-json\/wp\/v2\/media?parent=29031"}],"wp:term":[{"taxonomy":"product_brand","embeddable":true,"href":"https:\/\/rowayad.com\/index.php\/wp-json\/wp\/v2\/product_brand?post=29031"},{"taxonomy":"product_cat","embeddable":true,"href":"https:\/\/rowayad.com\/index.php\/wp-json\/wp\/v2\/product_cat?post=29031"},{"taxonomy":"product_tag","embeddable":true,"href":"https:\/\/rowayad.com\/index.php\/wp-json\/wp\/v2\/product_tag?post=29031"}],"curies":[{"name":"wp","href":"https:\/\/api.w.org\/{rel}","templated":true}]}}