{"id":29038,"date":"2026-03-19T17:22:55","date_gmt":"2026-03-19T17:22:55","guid":{"rendered":"https:\/\/rowayad.com\/?post_type=product&#038;p=29038"},"modified":"2026-04-10T10:50:26","modified_gmt":"2026-04-10T10:50:26","slug":"table-a-manger-4-chaises-2","status":"publish","type":"product","link":"https:\/\/rowayad.com\/index.php\/produit\/table-a-manger-4-chaises-2\/","title":{"rendered":"Table \u00e0 manger + 4 chaises"},"content":{"rendered":"<div class=\"card aim -mtm\">\n<div class=\"markup -mhm -pvl -oxa -sc\">Une\u00a0<b>touche de modernit\u00e9\u00a0<\/b>qui apporte de la clart\u00e9 \u00e0 votre int\u00e9rieur gr\u00e2ce aux lignes \u00e9pur\u00e9es du beau plateau de la table. La table accueille g\u00e9n\u00e9reusement 4 personnes autour de son plateau en verre r\u00e9sistant qui s&rsquo;allonge en un tour de main. Une table facile \u00e0 vivre au quotidien, fabriqu\u00e9e avec des mat\u00e9riaux de qualit\u00e9 et con\u00e7ue pour durer !Cet ensemble de table \u00e0 manger ext\u00e9rieure exquitive est cens\u00e9 \u00eatre le point focal de votre salon, cuisine, de votre jardin ou de votre patio!Le cadre en acier rend la table et les chaises robustes et durables. Elle est facile \u00e0 d\u00e9placer et convient \u00e0 une utilisation en ext\u00e9rieur. Cette table est facile \u00e0 nettoyer avec un chiffon humide. L&rsquo;\u00e9l\u00e9gance simpliste de ce jeu de salle \u00e0 manger fera votre d\u00eener sp\u00e9cial<\/div>\n<\/div>\n<section class=\"card aim -mtm -fs16\">\n<div id=\"specifications\" class=\"hook\"><\/div>\n<header class=\"-pvs -bb\"><\/header>\n<\/section>\n","protected":false},"excerpt":{"rendered":"<ol>\n<li>Table \u00e0 manger 4 chaises<\/li>\n<li>Styl\u00e9 et id\u00e9al pour cuisine et table d&rsquo;\u00e9tude\u00a0des enfants avec\u00a0r\u00e9p\u00e9titeur<\/li>\n<li>Solide et durable<\/li>\n<li>Bois et fer<\/li>\n<li>PREVOIR LE MONTAGE<\/li>\n<\/ol>\n","protected":false},"featured_media":29040,"comment_status":"open","ping_status":"closed","template":"","meta":{"_joinchat":[]},"product_brand":[],"product_cat":[75],"product_tag":[],"class_list":{"0":"post-29038","1":"product","2":"type-product","3":"status-publish","4":"has-post-thumbnail","6":"product_cat-maison-bureau","8":"first","9":"instock","10":"sale","11":"shipping-taxable","12":"purchasable","13":"product-type-simple"},"jetpack_sharing_enabled":true,"_links":{"self":[{"href":"https:\/\/rowayad.com\/index.php\/wp-json\/wp\/v2\/product\/29038","targetHints":{"allow":["GET"]}}],"collection":[{"href":"https:\/\/rowayad.com\/index.php\/wp-json\/wp\/v2\/product"}],"about":[{"href":"https:\/\/rowayad.com\/index.php\/wp-json\/wp\/v2\/types\/product"}],"replies":[{"embeddable":true,"href":"https:\/\/rowayad.com\/index.php\/wp-json\/wp\/v2\/comments?post=29038"}],"version-history":[{"count":2,"href":"https:\/\/rowayad.com\/index.php\/wp-json\/wp\/v2\/product\/29038\/revisions"}],"predecessor-version":[{"id":29043,"href":"https:\/\/rowayad.com\/index.php\/wp-json\/wp\/v2\/product\/29038\/revisions\/29043"}],"wp:featuredmedia":[{"embeddable":true,"href":"https:\/\/rowayad.com\/index.php\/wp-json\/wp\/v2\/media\/29040"}],"wp:attachment":[{"href":"https:\/\/rowayad.com\/index.php\/wp-json\/wp\/v2\/media?parent=29038"}],"wp:term":[{"taxonomy":"product_brand","embeddable":true,"href":"https:\/\/rowayad.com\/index.php\/wp-json\/wp\/v2\/product_brand?post=29038"},{"taxonomy":"product_cat","embeddable":true,"href":"https:\/\/rowayad.com\/index.php\/wp-json\/wp\/v2\/product_cat?post=29038"},{"taxonomy":"product_tag","embeddable":true,"href":"https:\/\/rowayad.com\/index.php\/wp-json\/wp\/v2\/product_tag?post=29038"}],"curies":[{"name":"wp","href":"https:\/\/api.w.org\/{rel}","templated":true}]}}