{"id":29057,"date":"2026-03-30T16:11:33","date_gmt":"2026-03-30T16:11:33","guid":{"rendered":"https:\/\/rowayad.com\/?post_type=product&#038;p=29057"},"modified":"2026-04-10T10:37:26","modified_gmt":"2026-04-10T10:37:26","slug":"tableau-decoratif-moderne-art-et-elegance","status":"publish","type":"product","link":"https:\/\/rowayad.com\/index.php\/produit\/tableau-decoratif-moderne-art-et-elegance\/","title":{"rendered":"Tableau d\u00e9coratif moderne \u2013 Art et \u00e9l\u00e9gance"},"content":{"rendered":"","protected":false},"excerpt":{"rendered":"<p>\u2728\u00a0<strong>Design artistique moderne<\/strong>\u00a0tr\u00e8s tendance<br \/>\n\u2728\u00a0<strong>Finitions dor\u00e9es \u00e9l\u00e9gantes<\/strong>\u00a0pour une d\u00e9coration luxueuse<br \/>\n\u2728\u00a0<strong>Effet visuel unique<\/strong>\u00a0qui attire l\u2019attention<br \/>\n\u2728\u00a0<strong>Cadre solide et pr\u00eat \u00e0 accrocher<\/strong><br \/>\n\u2728\u00a0<strong>Id\u00e9al pour salon, chambre ou bureau<\/strong><br \/>\n\u2728\u00a0<strong>Parfait pour offrir en cadeau<\/strong><\/p>\n","protected":false},"featured_media":29067,"comment_status":"open","ping_status":"closed","template":"","meta":{"_joinchat":[]},"product_brand":[],"product_cat":[20,75],"product_tag":[],"class_list":{"0":"post-29057","1":"product","2":"type-product","3":"status-publish","4":"has-post-thumbnail","6":"product_cat-accessoires","7":"product_cat-maison-bureau","9":"first","10":"instock","11":"sale","12":"shipping-taxable","13":"purchasable","14":"product-type-simple"},"jetpack_sharing_enabled":true,"_links":{"self":[{"href":"https:\/\/rowayad.com\/index.php\/wp-json\/wp\/v2\/product\/29057","targetHints":{"allow":["GET"]}}],"collection":[{"href":"https:\/\/rowayad.com\/index.php\/wp-json\/wp\/v2\/product"}],"about":[{"href":"https:\/\/rowayad.com\/index.php\/wp-json\/wp\/v2\/types\/product"}],"replies":[{"embeddable":true,"href":"https:\/\/rowayad.com\/index.php\/wp-json\/wp\/v2\/comments?post=29057"}],"version-history":[{"count":1,"href":"https:\/\/rowayad.com\/index.php\/wp-json\/wp\/v2\/product\/29057\/revisions"}],"predecessor-version":[{"id":29068,"href":"https:\/\/rowayad.com\/index.php\/wp-json\/wp\/v2\/product\/29057\/revisions\/29068"}],"wp:featuredmedia":[{"embeddable":true,"href":"https:\/\/rowayad.com\/index.php\/wp-json\/wp\/v2\/media\/29067"}],"wp:attachment":[{"href":"https:\/\/rowayad.com\/index.php\/wp-json\/wp\/v2\/media?parent=29057"}],"wp:term":[{"taxonomy":"product_brand","embeddable":true,"href":"https:\/\/rowayad.com\/index.php\/wp-json\/wp\/v2\/product_brand?post=29057"},{"taxonomy":"product_cat","embeddable":true,"href":"https:\/\/rowayad.com\/index.php\/wp-json\/wp\/v2\/product_cat?post=29057"},{"taxonomy":"product_tag","embeddable":true,"href":"https:\/\/rowayad.com\/index.php\/wp-json\/wp\/v2\/product_tag?post=29057"}],"curies":[{"name":"wp","href":"https:\/\/api.w.org\/{rel}","templated":true}]}}