{"id":29080,"date":"2026-03-30T17:07:47","date_gmt":"2026-03-30T17:07:47","guid":{"rendered":"https:\/\/rowayad.com\/?post_type=product&#038;p=29080"},"modified":"2026-04-10T10:34:04","modified_gmt":"2026-04-10T10:34:04","slug":"tableau-decoratif-moderne-art-et-elegance-6","status":"publish","type":"product","link":"https:\/\/rowayad.com\/index.php\/produit\/tableau-decoratif-moderne-art-et-elegance-6\/","title":{"rendered":"Tableau d\u00e9coratif moderne \u2013 Art et \u00e9l\u00e9gance"},"content":{"rendered":"<p><!--more--><\/p>\n","protected":false},"excerpt":{"rendered":"<p style=\"text-align: center;\">\u2728\u00a0<strong>Design artistique moderne<\/strong>\u00a0tr\u00e8s tendance<br \/>\n\u2728\u00a0<strong>Finitions dor\u00e9es \u00e9l\u00e9gantes<\/strong>\u00a0pour une d\u00e9coration luxueuse<br \/>\n\u2728\u00a0<strong>Effet visuel unique<\/strong>\u00a0qui attire l\u2019attention<br \/>\n\u2728\u00a0<strong>Cadre solide et pr\u00eat \u00e0 accrocher<\/strong><br \/>\n\u2728\u00a0<strong>Id\u00e9al pour salon, chambre ou bureau<\/strong><br \/>\n\u2728\u00a0<strong>Parfait pour offrir en cadeau<\/strong><\/p>\n","protected":false},"featured_media":29064,"comment_status":"open","ping_status":"closed","template":"","meta":{"_joinchat":[]},"product_brand":[],"product_cat":[75],"product_tag":[],"class_list":{"0":"post-29080","1":"product","2":"type-product","3":"status-publish","4":"has-post-thumbnail","6":"product_cat-maison-bureau","8":"first","9":"instock","10":"sale","11":"shipping-taxable","12":"purchasable","13":"product-type-simple"},"jetpack_sharing_enabled":true,"_links":{"self":[{"href":"https:\/\/rowayad.com\/index.php\/wp-json\/wp\/v2\/product\/29080","targetHints":{"allow":["GET"]}}],"collection":[{"href":"https:\/\/rowayad.com\/index.php\/wp-json\/wp\/v2\/product"}],"about":[{"href":"https:\/\/rowayad.com\/index.php\/wp-json\/wp\/v2\/types\/product"}],"replies":[{"embeddable":true,"href":"https:\/\/rowayad.com\/index.php\/wp-json\/wp\/v2\/comments?post=29080"}],"version-history":[{"count":2,"href":"https:\/\/rowayad.com\/index.php\/wp-json\/wp\/v2\/product\/29080\/revisions"}],"predecessor-version":[{"id":29082,"href":"https:\/\/rowayad.com\/index.php\/wp-json\/wp\/v2\/product\/29080\/revisions\/29082"}],"wp:featuredmedia":[{"embeddable":true,"href":"https:\/\/rowayad.com\/index.php\/wp-json\/wp\/v2\/media\/29064"}],"wp:attachment":[{"href":"https:\/\/rowayad.com\/index.php\/wp-json\/wp\/v2\/media?parent=29080"}],"wp:term":[{"taxonomy":"product_brand","embeddable":true,"href":"https:\/\/rowayad.com\/index.php\/wp-json\/wp\/v2\/product_brand?post=29080"},{"taxonomy":"product_cat","embeddable":true,"href":"https:\/\/rowayad.com\/index.php\/wp-json\/wp\/v2\/product_cat?post=29080"},{"taxonomy":"product_tag","embeddable":true,"href":"https:\/\/rowayad.com\/index.php\/wp-json\/wp\/v2\/product_tag?post=29080"}],"curies":[{"name":"wp","href":"https:\/\/api.w.org\/{rel}","templated":true}]}}