{"id":29119,"date":"2026-04-09T14:25:44","date_gmt":"2026-04-09T14:25:44","guid":{"rendered":"https:\/\/rowayad.com\/?post_type=product&#038;p=29119"},"modified":"2026-04-10T10:26:27","modified_gmt":"2026-04-10T10:26:27","slug":"table-a-manger-et-4-chaises","status":"publish","type":"product","link":"https:\/\/rowayad.com\/index.php\/produit\/table-a-manger-et-4-chaises\/","title":{"rendered":"TABLE A MANGER ET 4 CHAISES"},"content":{"rendered":"<h3 data-section-id=\"1uvcd08\" data-start=\"79\" data-end=\"111\"><span role=\"text\">\ud83e\ude91 <strong data-start=\"86\" data-end=\"111\">Descriptif du produit<\/strong><\/span><\/h3>\n<p data-start=\"112\" data-end=\"373\">Apportez une touche d\u2019\u00e9l\u00e9gance et de modernit\u00e9 \u00e0 votre int\u00e9rieur avec cet ensemble compos\u00e9 d\u2019une table \u00e0 manger et de 4 chaises assorties. Son design haut de gamme associe des mat\u00e9riaux nobles et des finitions soign\u00e9es pour cr\u00e9er un espace convivial et raffin\u00e9.<\/p>\n","protected":false},"excerpt":{"rendered":"<p>\ud83e\ude91 Descriptif du produit Apportez une touche d\u2019\u00e9l\u00e9gance et de modernit\u00e9 \u00e0 votre int\u00e9rieur avec cet ensemble compos\u00e9 d\u2019une table<\/p>\n","protected":false},"featured_media":29130,"comment_status":"open","ping_status":"closed","template":"","meta":{"_joinchat":[]},"product_brand":[],"product_cat":[75],"product_tag":[],"class_list":{"0":"post-29119","1":"product","2":"type-product","3":"status-publish","4":"has-post-thumbnail","6":"product_cat-maison-bureau","8":"first","9":"instock","10":"sale","11":"shipping-taxable","12":"purchasable","13":"product-type-simple"},"jetpack_sharing_enabled":true,"_links":{"self":[{"href":"https:\/\/rowayad.com\/index.php\/wp-json\/wp\/v2\/product\/29119","targetHints":{"allow":["GET"]}}],"collection":[{"href":"https:\/\/rowayad.com\/index.php\/wp-json\/wp\/v2\/product"}],"about":[{"href":"https:\/\/rowayad.com\/index.php\/wp-json\/wp\/v2\/types\/product"}],"replies":[{"embeddable":true,"href":"https:\/\/rowayad.com\/index.php\/wp-json\/wp\/v2\/comments?post=29119"}],"version-history":[{"count":1,"href":"https:\/\/rowayad.com\/index.php\/wp-json\/wp\/v2\/product\/29119\/revisions"}],"predecessor-version":[{"id":29131,"href":"https:\/\/rowayad.com\/index.php\/wp-json\/wp\/v2\/product\/29119\/revisions\/29131"}],"wp:featuredmedia":[{"embeddable":true,"href":"https:\/\/rowayad.com\/index.php\/wp-json\/wp\/v2\/media\/29130"}],"wp:attachment":[{"href":"https:\/\/rowayad.com\/index.php\/wp-json\/wp\/v2\/media?parent=29119"}],"wp:term":[{"taxonomy":"product_brand","embeddable":true,"href":"https:\/\/rowayad.com\/index.php\/wp-json\/wp\/v2\/product_brand?post=29119"},{"taxonomy":"product_cat","embeddable":true,"href":"https:\/\/rowayad.com\/index.php\/wp-json\/wp\/v2\/product_cat?post=29119"},{"taxonomy":"product_tag","embeddable":true,"href":"https:\/\/rowayad.com\/index.php\/wp-json\/wp\/v2\/product_tag?post=29119"}],"curies":[{"name":"wp","href":"https:\/\/api.w.org\/{rel}","templated":true}]}}