{"id":29224,"date":"2026-04-16T11:50:37","date_gmt":"2026-04-16T11:50:37","guid":{"rendered":"https:\/\/rowayad.com\/?post_type=product&#038;p=29224"},"modified":"2026-04-16T12:02:53","modified_gmt":"2026-04-16T12:02:53","slug":"29224","status":"publish","type":"product","link":"https:\/\/rowayad.com\/index.php\/produit\/29224\/","title":{"rendered":"Standard Moto \u00e9lectrique enfants &#8211; Moto Jouet Grande Moto Jouet -de 3 \u00e0 6 ans"},"content":{"rendered":"<p>Offrez \u00e0 votre enfant une exp\u00e9rience de conduite r\u00e9aliste avec cette moto \u00e9lectrique au design moderne et sportif. Inspir\u00e9e des vraies motos, elle allie s\u00e9curit\u00e9, confort et style. Parfaite pour les enfants qui aiment l\u2019aventure et les jeux en plein air.<\/p>\n","protected":false},"excerpt":{"rendered":"<h3 data-section-id=\"c9wzy0\" data-start=\"481\" data-end=\"504\">\u2699\ufe0f Caract\u00e9ristiques<\/h3>\n<ul data-start=\"505\" data-end=\"951\">\n<li data-section-id=\"531ksi\" data-start=\"505\" data-end=\"577\">\ud83d\udd0b <strong data-start=\"510\" data-end=\"526\">Alimentation<\/strong> : Batterie rechargeable (6V ou 12V selon mod\u00e8le)<\/li>\n<li data-section-id=\"18ijlmt\" data-start=\"578\" data-end=\"634\">\u26a1 <strong data-start=\"582\" data-end=\"595\">Autonomie<\/strong> : 1 \u00e0 2 heures apr\u00e8s charge compl\u00e8te<\/li>\n<li data-section-id=\"yub0ac\" data-start=\"635\" data-end=\"691\">\ud83d\ude80 <strong data-start=\"640\" data-end=\"651\">Vitesse<\/strong> : 3 \u00e0 6 km\/h (s\u00e9curis\u00e9e pour enfants)<\/li>\n<li data-section-id=\"u9hant\" data-start=\"692\" data-end=\"729\">\ud83d\udc76 <strong data-start=\"697\" data-end=\"715\">\u00c2ge recommand\u00e9<\/strong> : 2 \u00e0 7 ans<\/li>\n<li data-section-id=\"n6fbno\" data-start=\"730\" data-end=\"769\">\u2696\ufe0f <strong data-start=\"735\" data-end=\"754\">Charge maximale<\/strong> : 20 \u00e0 30 kg<\/li>\n<li data-section-id=\"ispjh5\" data-start=\"770\" data-end=\"825\">\ud83d\udede <strong data-start=\"775\" data-end=\"784\">Roues<\/strong> : Stabilisateurs pour plus de s\u00e9curit\u00e9<\/li>\n<li data-section-id=\"o2dzbw\" data-start=\"826\" data-end=\"885\">\ud83c\udfb6 <strong data-start=\"831\" data-end=\"844\">Fonctions<\/strong> : Musique int\u00e9gr\u00e9e, phares LED, klaxon<\/li>\n<li data-section-id=\"1rqgtdn\" data-start=\"886\" data-end=\"924\">\ud83e\ude91 <strong data-start=\"891\" data-end=\"902\">Confort<\/strong> : Si\u00e8ge ergonomique<\/li>\n<li data-section-id=\"1138u16\" data-start=\"925\" data-end=\"951\">\ud83d\udd0c <strong data-start=\"930\" data-end=\"949\">Chargeur inclus<\/strong>[contact-form][contact-field label=\"Nom\" type=\"name\"  required=\"true\" \/][contact-field label=\"E-mail\" type=\"email\" required=\"true\" \/][contact-field label=\"Site web\" type=\"url\" \/][contact-field label=\"Message\" type=\"textarea\" \/][\/contact-form]<\/li>\n<\/ul>\n","protected":false},"featured_media":29230,"comment_status":"open","ping_status":"closed","template":"","meta":{"_joinchat":[]},"product_brand":[],"product_cat":[20],"product_tag":[],"class_list":{"0":"post-29224","1":"product","2":"type-product","3":"status-publish","4":"has-post-thumbnail","6":"product_cat-accessoires","8":"first","9":"instock","10":"sale","11":"shipping-taxable","12":"purchasable","13":"product-type-simple"},"jetpack_sharing_enabled":true,"_links":{"self":[{"href":"https:\/\/rowayad.com\/index.php\/wp-json\/wp\/v2\/product\/29224","targetHints":{"allow":["GET"]}}],"collection":[{"href":"https:\/\/rowayad.com\/index.php\/wp-json\/wp\/v2\/product"}],"about":[{"href":"https:\/\/rowayad.com\/index.php\/wp-json\/wp\/v2\/types\/product"}],"replies":[{"embeddable":true,"href":"https:\/\/rowayad.com\/index.php\/wp-json\/wp\/v2\/comments?post=29224"}],"version-history":[{"count":3,"href":"https:\/\/rowayad.com\/index.php\/wp-json\/wp\/v2\/product\/29224\/revisions"}],"predecessor-version":[{"id":29233,"href":"https:\/\/rowayad.com\/index.php\/wp-json\/wp\/v2\/product\/29224\/revisions\/29233"}],"wp:featuredmedia":[{"embeddable":true,"href":"https:\/\/rowayad.com\/index.php\/wp-json\/wp\/v2\/media\/29230"}],"wp:attachment":[{"href":"https:\/\/rowayad.com\/index.php\/wp-json\/wp\/v2\/media?parent=29224"}],"wp:term":[{"taxonomy":"product_brand","embeddable":true,"href":"https:\/\/rowayad.com\/index.php\/wp-json\/wp\/v2\/product_brand?post=29224"},{"taxonomy":"product_cat","embeddable":true,"href":"https:\/\/rowayad.com\/index.php\/wp-json\/wp\/v2\/product_cat?post=29224"},{"taxonomy":"product_tag","embeddable":true,"href":"https:\/\/rowayad.com\/index.php\/wp-json\/wp\/v2\/product_tag?post=29224"}],"curies":[{"name":"wp","href":"https:\/\/api.w.org\/{rel}","templated":true}]}}