{"id":29245,"date":"2026-04-16T12:07:12","date_gmt":"2026-04-16T12:07:12","guid":{"rendered":"https:\/\/rowayad.com\/?post_type=product&#038;p=29245"},"modified":"2026-04-16T12:07:12","modified_gmt":"2026-04-16T12:07:12","slug":"voiture-electrique-jouet-quad-electrique-pour-enfants-concu-pour-les-enfants-ages-de-2-a-6-ans-2","status":"publish","type":"product","link":"https:\/\/rowayad.com\/index.php\/produit\/voiture-electrique-jouet-quad-electrique-pour-enfants-concu-pour-les-enfants-ages-de-2-a-6-ans-2\/","title":{"rendered":"Voiture Electrique Jouet quad \u00e9lectrique pour enfants, con\u00e7u pour les enfants \u00e2g\u00e9s de 2 \u00e0 6 ans"},"content":{"rendered":"<h2><strong>Jouet quad \u00e9lectrique\u00a0<\/strong>pour enfants, con\u00e7u pour les enfants \u00e2g\u00e9s de\u00a0<strong>2 \u00e0 6 ans<\/strong><\/h2>\n<p>D\u00e9marrage en douceur \/ Acc\u00e9l\u00e9ration en douceur &#8211; Lorsque vous appuyez sur la p\u00e9dale d&rsquo;acc\u00e9l\u00e9rateur, la voiture commence \u00e0 rouler et l&rsquo;acc\u00e9l\u00e9ration est contr\u00f4l\u00e9e \u00e9lectroniquement de mani\u00e8re \u00e0 ce qu&rsquo;elle soit r\u00e9guli\u00e8re gr\u00e2ce \u00e0 l&rsquo;acc\u00e9l\u00e9ration int\u00e9gr\u00e9e.<\/p>\n<p>Apr\u00e8s avoir d\u00e9marr\u00e9, le mod\u00e8le imite le son de d\u00e9part, les phares et les feux arri\u00e8re s\u2019allument. Instruments embarqu\u00e9s, effets sonores tels que klaxon, d\u00e9marrage du moteur, son de conduite, chansons, m\u00e9lodies, lecteur MP3 avec entr\u00e9e USB et Bluetooth &#8211; tout le temps disponible pour s&rsquo;amuser. &#8211; Le volume de tous les effets sonores peut \u00eatre enti\u00e8rement contr\u00f4l\u00e9 par le lecteur MP3.<\/p>\n","protected":false},"excerpt":{"rendered":"<h2 class=\"hdr -upp -fs14 -m -pam\">Principales caract\u00e9ristiques<\/h2>\n<div class=\"markup -pam\">\n<h2>Voiture Electrique Enfant 12V, Si\u00e8ge , Radio avec entr\u00e9e Bluetooth et USB, 4&#215;4 Electrique Enfants, Roues EVA, Voiture Electrique Enfants avec T\u00e9l\u00e9commande<\/h2>\n<p><strong>Voiture \u00e9lectrique enfants\u00a0<\/strong>12V, Version originale du dernier mod\u00e8le pour votre petit pilote avec t\u00e9l\u00e9commande, batterie 12V , entr\u00e9e USB avec Bluetooth \u00e0 la radio pour \u00e9couter de la musique au format MP3. Vitesse jusqu&rsquo;\u00e0 7 km \/ h.<\/p>\n<p>Donnez \u00e0 vos enfants le plaisir de conduire!<\/p>\n<p>Pour le plus grand confort, ce mod\u00e8le est \u00e9quip\u00e9 de roues en mousse EVA et de toutes les suspensions qui garantissent un fonctionnement sans \u00e0-coups.<\/p>\n<p>D\u00e9marrage en douceur \/ Acc\u00e9l\u00e9ration en douceur &#8211; Lorsque vous appuyez sur la p\u00e9dale d&rsquo;acc\u00e9l\u00e9rateur, la voiture commence \u00e0 rouler et l&rsquo;acc\u00e9l\u00e9ration est contr\u00f4l\u00e9e \u00e9lectroniquement de mani\u00e8re \u00e0 ce qu&rsquo;elle soit r\u00e9guli\u00e8re gr\u00e2ce \u00e0 l&rsquo;acc\u00e9l\u00e9ration int\u00e9gr\u00e9e.<\/p>\n<p>Apr\u00e8s avoir d\u00e9marr\u00e9, le mod\u00e8le imite le son de d\u00e9part, les phares et les feux arri\u00e8re s\u2019allument. Instruments embarqu\u00e9s, effets sonores tels que klaxon, d\u00e9marrage du moteur, son de conduite, chansons, m\u00e9lodies, lecteur MP3 avec entr\u00e9e USB et Bluetooth &#8211; tout le temps disponible pour s&rsquo;amuser. &#8211; Le volume de tous les effets sonores peut \u00eatre enti\u00e8rement contr\u00f4l\u00e9 par le lecteur MP3.<\/p>\n<\/div>\n","protected":false},"featured_media":29238,"comment_status":"open","ping_status":"closed","template":"","meta":{"_joinchat":[]},"product_brand":[],"product_cat":[20],"product_tag":[],"class_list":{"0":"post-29245","1":"product","2":"type-product","3":"status-publish","4":"has-post-thumbnail","6":"product_cat-accessoires","8":"first","9":"instock","10":"sale","11":"shipping-taxable","12":"purchasable","13":"product-type-simple"},"jetpack_sharing_enabled":true,"_links":{"self":[{"href":"https:\/\/rowayad.com\/index.php\/wp-json\/wp\/v2\/product\/29245","targetHints":{"allow":["GET"]}}],"collection":[{"href":"https:\/\/rowayad.com\/index.php\/wp-json\/wp\/v2\/product"}],"about":[{"href":"https:\/\/rowayad.com\/index.php\/wp-json\/wp\/v2\/types\/product"}],"replies":[{"embeddable":true,"href":"https:\/\/rowayad.com\/index.php\/wp-json\/wp\/v2\/comments?post=29245"}],"version-history":[{"count":1,"href":"https:\/\/rowayad.com\/index.php\/wp-json\/wp\/v2\/product\/29245\/revisions"}],"predecessor-version":[{"id":29246,"href":"https:\/\/rowayad.com\/index.php\/wp-json\/wp\/v2\/product\/29245\/revisions\/29246"}],"wp:featuredmedia":[{"embeddable":true,"href":"https:\/\/rowayad.com\/index.php\/wp-json\/wp\/v2\/media\/29238"}],"wp:attachment":[{"href":"https:\/\/rowayad.com\/index.php\/wp-json\/wp\/v2\/media?parent=29245"}],"wp:term":[{"taxonomy":"product_brand","embeddable":true,"href":"https:\/\/rowayad.com\/index.php\/wp-json\/wp\/v2\/product_brand?post=29245"},{"taxonomy":"product_cat","embeddable":true,"href":"https:\/\/rowayad.com\/index.php\/wp-json\/wp\/v2\/product_cat?post=29245"},{"taxonomy":"product_tag","embeddable":true,"href":"https:\/\/rowayad.com\/index.php\/wp-json\/wp\/v2\/product_tag?post=29245"}],"curies":[{"name":"wp","href":"https:\/\/api.w.org\/{rel}","templated":true}]}}